{"id":25042,"date":"2021-02-28T05:08:10","date_gmt":"2021-02-28T10:08:10","guid":{"rendered":"https:\/\/shop724.ca\/product\/cuisse-entiere-desossee-dagneau-de-nouvelle-zelande-halal-unite\/"},"modified":"2021-02-28T05:08:10","modified_gmt":"2021-02-28T10:08:10","slug":"cuisse-entiere-desossee-dagneau-de-nouvelle-zelande-halal-unite","status":"publish","type":"product","link":"https:\/\/shop724.ca\/fr\/produit\/cuisse-entiere-desossee-dagneau-de-nouvelle-zelande-halal-unite\/","title":{"rendered":"Cuisse enti\u00e8re d\u00e9soss\u00e9e d&#8217;agneau de Nouvelle-Z\u00e9lande halal ($\/unit\u00e9)"},"content":{"rendered":"","protected":false},"excerpt":{"rendered":"<p>Le prix de l&#8217;article est bas\u00e9 sur le poids. Le prix final sera ajust\u00e9 en fonction du poids r\u00e9el des articles re\u00e7us. <\/p>\n<p>Prix: 22,99 (Kg\/$)<\/p>\n","protected":false},"featured_media":25043,"comment_status":"open","ping_status":"closed","template":"","meta":{"_links_to":"","_links_to_target":""},"product_brand":[],"product_cat":[116],"product_tag":[3251,3252,3250],"class_list":{"0":"post-25042","1":"product","2":"type-product","3":"status-publish","4":"has-post-thumbnail","6":"product_cat-viandes","7":"product_tag-kaadoos-fr","8":"product_tag-kadoos-fr","9":"product_tag-viandes-et-volailles","11":"first","12":"instock","13":"shipping-taxable","14":"purchasable","15":"product-type-simple"},"yoast_head":"<!-- This site is optimized with the Yoast SEO plugin v26.6 - https:\/\/yoast.com\/wordpress\/plugins\/seo\/ -->\n<title>Cuisse enti\u00e8re d\u00e9soss\u00e9e d&#039;agneau de Nouvelle-Z\u00e9lande halal ($\/unit\u00e9) - shop724<\/title>\n<meta name=\"robots\" content=\"index, follow, max-snippet:-1, max-image-preview:large, max-video-preview:-1\" \/>\n<link rel=\"canonical\" href=\"https:\/\/shop724.ca\/fr\/produit\/cuisse-entiere-desossee-dagneau-de-nouvelle-zelande-halal-unite\/\" \/>\n<meta property=\"og:locale\" content=\"fr_FR\" \/>\n<meta property=\"og:type\" content=\"article\" \/>\n<meta property=\"og:title\" content=\"Cuisse enti\u00e8re d\u00e9soss\u00e9e d&#039;agneau de Nouvelle-Z\u00e9lande halal ($\/unit\u00e9) - shop724\" \/>\n<meta property=\"og:description\" content=\"Le prix de l&#039;article est bas\u00e9 sur le poids. Le prix final sera ajust\u00e9 en fonction du poids r\u00e9el des articles re\u00e7us.  Prix: 22,99 (Kg\/$)\" \/>\n<meta property=\"og:url\" content=\"https:\/\/shop724.ca\/fr\/produit\/cuisse-entiere-desossee-dagneau-de-nouvelle-zelande-halal-unite\/\" \/>\n<meta property=\"og:site_name\" content=\"shop724\" \/>\n<meta name=\"twitter:card\" content=\"summary_large_image\" \/>\n<script type=\"application\/ld+json\" class=\"yoast-schema-graph\">{\"@context\":\"https:\/\/schema.org\",\"@graph\":[{\"@type\":\"WebPage\",\"@id\":\"https:\/\/shop724.ca\/fr\/produit\/cuisse-entiere-desossee-dagneau-de-nouvelle-zelande-halal-unite\/\",\"url\":\"https:\/\/shop724.ca\/fr\/produit\/cuisse-entiere-desossee-dagneau-de-nouvelle-zelande-halal-unite\/\",\"name\":\"Cuisse enti\u00e8re d\u00e9soss\u00e9e d'agneau de Nouvelle-Z\u00e9lande halal ($\/unit\u00e9) - shop724\",\"isPartOf\":{\"@id\":\"https:\/\/shop724.ca\/#website\"},\"primaryImageOfPage\":{\"@id\":\"https:\/\/shop724.ca\/fr\/produit\/cuisse-entiere-desossee-dagneau-de-nouvelle-zelande-halal-unite\/#primaryimage\"},\"image\":{\"@id\":\"https:\/\/shop724.ca\/fr\/produit\/cuisse-entiere-desossee-dagneau-de-nouvelle-zelande-halal-unite\/#primaryimage\"},\"thumbnailUrl\":\"https:\/\/shop724.ca\/wp-content\/uploads\/2021\/02\/bonless.jpg\",\"datePublished\":\"2021-02-28T10:08:10+00:00\",\"breadcrumb\":{\"@id\":\"https:\/\/shop724.ca\/fr\/produit\/cuisse-entiere-desossee-dagneau-de-nouvelle-zelande-halal-unite\/#breadcrumb\"},\"inLanguage\":\"fr-FR\",\"potentialAction\":[{\"@type\":\"ReadAction\",\"target\":[\"https:\/\/shop724.ca\/fr\/produit\/cuisse-entiere-desossee-dagneau-de-nouvelle-zelande-halal-unite\/\"]}]},{\"@type\":\"ImageObject\",\"inLanguage\":\"fr-FR\",\"@id\":\"https:\/\/shop724.ca\/fr\/produit\/cuisse-entiere-desossee-dagneau-de-nouvelle-zelande-halal-unite\/#primaryimage\",\"url\":\"https:\/\/shop724.ca\/wp-content\/uploads\/2021\/02\/bonless.jpg\",\"contentUrl\":\"https:\/\/shop724.ca\/wp-content\/uploads\/2021\/02\/bonless.jpg\",\"width\":700,\"height\":700},{\"@type\":\"BreadcrumbList\",\"@id\":\"https:\/\/shop724.ca\/fr\/produit\/cuisse-entiere-desossee-dagneau-de-nouvelle-zelande-halal-unite\/#breadcrumb\",\"itemListElement\":[{\"@type\":\"ListItem\",\"position\":1,\"name\":\"Home\",\"item\":\"https:\/\/shop724.ca\/\"},{\"@type\":\"ListItem\",\"position\":2,\"name\":\"Products\",\"item\":\"https:\/\/shop724.ca\/shop\/\"},{\"@type\":\"ListItem\",\"position\":3,\"name\":\"Cuisse enti\u00e8re d\u00e9soss\u00e9e d&#8217;agneau de Nouvelle-Z\u00e9lande halal ($\/unit\u00e9)\"}]},{\"@type\":\"WebSite\",\"@id\":\"https:\/\/shop724.ca\/#website\",\"url\":\"https:\/\/shop724.ca\/\",\"name\":\"shop724\",\"description\":\"\",\"publisher\":{\"@id\":\"https:\/\/shop724.ca\/#organization\"},\"potentialAction\":[{\"@type\":\"SearchAction\",\"target\":{\"@type\":\"EntryPoint\",\"urlTemplate\":\"https:\/\/shop724.ca\/?s={search_term_string}\"},\"query-input\":{\"@type\":\"PropertyValueSpecification\",\"valueRequired\":true,\"valueName\":\"search_term_string\"}}],\"inLanguage\":\"fr-FR\"},{\"@type\":\"Organization\",\"@id\":\"https:\/\/shop724.ca\/#organization\",\"name\":\"Shop724\",\"url\":\"https:\/\/shop724.ca\/\",\"logo\":{\"@type\":\"ImageObject\",\"inLanguage\":\"fr-FR\",\"@id\":\"https:\/\/shop724.ca\/#\/schema\/logo\/image\/\",\"url\":\"https:\/\/shop724.ca\/wp-content\/uploads\/2020\/06\/cropped-shop-724-black@4x-copy.png\",\"contentUrl\":\"https:\/\/shop724.ca\/wp-content\/uploads\/2020\/06\/cropped-shop-724-black@4x-copy.png\",\"width\":512,\"height\":512,\"caption\":\"Shop724\"},\"image\":{\"@id\":\"https:\/\/shop724.ca\/#\/schema\/logo\/image\/\"}}]}<\/script>\n<!-- \/ Yoast SEO plugin. -->","yoast_head_json":{"title":"Cuisse enti\u00e8re d\u00e9soss\u00e9e d'agneau de Nouvelle-Z\u00e9lande halal ($\/unit\u00e9) - shop724","robots":{"index":"index","follow":"follow","max-snippet":"max-snippet:-1","max-image-preview":"max-image-preview:large","max-video-preview":"max-video-preview:-1"},"canonical":"https:\/\/shop724.ca\/fr\/produit\/cuisse-entiere-desossee-dagneau-de-nouvelle-zelande-halal-unite\/","og_locale":"fr_FR","og_type":"article","og_title":"Cuisse enti\u00e8re d\u00e9soss\u00e9e d'agneau de Nouvelle-Z\u00e9lande halal ($\/unit\u00e9) - shop724","og_description":"Le prix de l'article est bas\u00e9 sur le poids. Le prix final sera ajust\u00e9 en fonction du poids r\u00e9el des articles re\u00e7us.  Prix: 22,99 (Kg\/$)","og_url":"https:\/\/shop724.ca\/fr\/produit\/cuisse-entiere-desossee-dagneau-de-nouvelle-zelande-halal-unite\/","og_site_name":"shop724","twitter_card":"summary_large_image","schema":{"@context":"https:\/\/schema.org","@graph":[{"@type":"WebPage","@id":"https:\/\/shop724.ca\/fr\/produit\/cuisse-entiere-desossee-dagneau-de-nouvelle-zelande-halal-unite\/","url":"https:\/\/shop724.ca\/fr\/produit\/cuisse-entiere-desossee-dagneau-de-nouvelle-zelande-halal-unite\/","name":"Cuisse enti\u00e8re d\u00e9soss\u00e9e d'agneau de Nouvelle-Z\u00e9lande halal ($\/unit\u00e9) - shop724","isPartOf":{"@id":"https:\/\/shop724.ca\/#website"},"primaryImageOfPage":{"@id":"https:\/\/shop724.ca\/fr\/produit\/cuisse-entiere-desossee-dagneau-de-nouvelle-zelande-halal-unite\/#primaryimage"},"image":{"@id":"https:\/\/shop724.ca\/fr\/produit\/cuisse-entiere-desossee-dagneau-de-nouvelle-zelande-halal-unite\/#primaryimage"},"thumbnailUrl":"https:\/\/shop724.ca\/wp-content\/uploads\/2021\/02\/bonless.jpg","datePublished":"2021-02-28T10:08:10+00:00","breadcrumb":{"@id":"https:\/\/shop724.ca\/fr\/produit\/cuisse-entiere-desossee-dagneau-de-nouvelle-zelande-halal-unite\/#breadcrumb"},"inLanguage":"fr-FR","potentialAction":[{"@type":"ReadAction","target":["https:\/\/shop724.ca\/fr\/produit\/cuisse-entiere-desossee-dagneau-de-nouvelle-zelande-halal-unite\/"]}]},{"@type":"ImageObject","inLanguage":"fr-FR","@id":"https:\/\/shop724.ca\/fr\/produit\/cuisse-entiere-desossee-dagneau-de-nouvelle-zelande-halal-unite\/#primaryimage","url":"https:\/\/shop724.ca\/wp-content\/uploads\/2021\/02\/bonless.jpg","contentUrl":"https:\/\/shop724.ca\/wp-content\/uploads\/2021\/02\/bonless.jpg","width":700,"height":700},{"@type":"BreadcrumbList","@id":"https:\/\/shop724.ca\/fr\/produit\/cuisse-entiere-desossee-dagneau-de-nouvelle-zelande-halal-unite\/#breadcrumb","itemListElement":[{"@type":"ListItem","position":1,"name":"Home","item":"https:\/\/shop724.ca\/"},{"@type":"ListItem","position":2,"name":"Products","item":"https:\/\/shop724.ca\/shop\/"},{"@type":"ListItem","position":3,"name":"Cuisse enti\u00e8re d\u00e9soss\u00e9e d&#8217;agneau de Nouvelle-Z\u00e9lande halal ($\/unit\u00e9)"}]},{"@type":"WebSite","@id":"https:\/\/shop724.ca\/#website","url":"https:\/\/shop724.ca\/","name":"shop724","description":"","publisher":{"@id":"https:\/\/shop724.ca\/#organization"},"potentialAction":[{"@type":"SearchAction","target":{"@type":"EntryPoint","urlTemplate":"https:\/\/shop724.ca\/?s={search_term_string}"},"query-input":{"@type":"PropertyValueSpecification","valueRequired":true,"valueName":"search_term_string"}}],"inLanguage":"fr-FR"},{"@type":"Organization","@id":"https:\/\/shop724.ca\/#organization","name":"Shop724","url":"https:\/\/shop724.ca\/","logo":{"@type":"ImageObject","inLanguage":"fr-FR","@id":"https:\/\/shop724.ca\/#\/schema\/logo\/image\/","url":"https:\/\/shop724.ca\/wp-content\/uploads\/2020\/06\/cropped-shop-724-black@4x-copy.png","contentUrl":"https:\/\/shop724.ca\/wp-content\/uploads\/2020\/06\/cropped-shop-724-black@4x-copy.png","width":512,"height":512,"caption":"Shop724"},"image":{"@id":"https:\/\/shop724.ca\/#\/schema\/logo\/image\/"}}]}},"_links":{"self":[{"href":"https:\/\/shop724.ca\/fr\/wp-json\/wp\/v2\/product\/25042","targetHints":{"allow":["GET"]}}],"collection":[{"href":"https:\/\/shop724.ca\/fr\/wp-json\/wp\/v2\/product"}],"about":[{"href":"https:\/\/shop724.ca\/fr\/wp-json\/wp\/v2\/types\/product"}],"replies":[{"embeddable":true,"href":"https:\/\/shop724.ca\/fr\/wp-json\/wp\/v2\/comments?post=25042"}],"wp:featuredmedia":[{"embeddable":true,"href":"https:\/\/shop724.ca\/fr\/wp-json\/wp\/v2\/media\/25043"}],"wp:attachment":[{"href":"https:\/\/shop724.ca\/fr\/wp-json\/wp\/v2\/media?parent=25042"}],"wp:term":[{"taxonomy":"product_brand","embeddable":true,"href":"https:\/\/shop724.ca\/fr\/wp-json\/wp\/v2\/product_brand?post=25042"},{"taxonomy":"product_cat","embeddable":true,"href":"https:\/\/shop724.ca\/fr\/wp-json\/wp\/v2\/product_cat?post=25042"},{"taxonomy":"product_tag","embeddable":true,"href":"https:\/\/shop724.ca\/fr\/wp-json\/wp\/v2\/product_tag?post=25042"}],"curies":[{"name":"wp","href":"https:\/\/api.w.org\/{rel}","templated":true}]}}