{"id":25008,"date":"2021-03-09T08:28:21","date_gmt":"2021-03-09T13:28:21","guid":{"rendered":"https:\/\/shop724.ca\/product\/queue-de-veau-canadienne-halal-lb\/"},"modified":"2021-03-09T08:28:21","modified_gmt":"2021-03-09T13:28:21","slug":"queue-de-veau-canadienne-halal-lb","status":"publish","type":"product","link":"https:\/\/shop724.ca\/fr\/produit\/queue-de-veau-canadienne-halal-lb\/","title":{"rendered":"Queue de veau canadienne halal ($\/lb)"},"content":{"rendered":"","protected":false},"excerpt":{"rendered":"<p>Le prix de l&#8217;article est bas\u00e9 sur le poids. Le prix final sera ajust\u00e9 en fonction du poids r\u00e9el des articles re\u00e7us. <\/p>\n<p>Prix: 19,98 $\/Kg<\/p>\n","protected":false},"featured_media":25009,"comment_status":"open","ping_status":"closed","template":"","meta":{"_links_to":"","_links_to_target":""},"product_brand":[],"product_cat":[116],"product_tag":[3251,3252,3250],"class_list":{"0":"post-25008","1":"product","2":"type-product","3":"status-publish","4":"has-post-thumbnail","6":"product_cat-viandes","7":"product_tag-kaadoos-fr","8":"product_tag-kadoos-fr","9":"product_tag-viandes-et-volailles","11":"first","12":"onbackorder","13":"shipping-taxable","14":"purchasable","15":"product-type-simple"},"yoast_head":"<!-- This site is optimized with the Yoast SEO plugin v26.6 - https:\/\/yoast.com\/wordpress\/plugins\/seo\/ -->\n<title>Queue de veau canadienne halal ($\/lb) - shop724<\/title>\n<meta name=\"robots\" content=\"index, follow, max-snippet:-1, max-image-preview:large, max-video-preview:-1\" \/>\n<link rel=\"canonical\" href=\"https:\/\/shop724.ca\/fr\/produit\/queue-de-veau-canadienne-halal-lb\/\" \/>\n<meta property=\"og:locale\" content=\"fr_FR\" \/>\n<meta property=\"og:type\" content=\"article\" \/>\n<meta property=\"og:title\" content=\"Queue de veau canadienne halal ($\/lb) - shop724\" \/>\n<meta property=\"og:description\" content=\"Le prix de l&#039;article est bas\u00e9 sur le poids. Le prix final sera ajust\u00e9 en fonction du poids r\u00e9el des articles re\u00e7us.  Prix: 19,98 $\/Kg\" \/>\n<meta property=\"og:url\" content=\"https:\/\/shop724.ca\/fr\/produit\/queue-de-veau-canadienne-halal-lb\/\" \/>\n<meta property=\"og:site_name\" content=\"shop724\" \/>\n<meta name=\"twitter:card\" content=\"summary_large_image\" \/>\n<script type=\"application\/ld+json\" class=\"yoast-schema-graph\">{\"@context\":\"https:\/\/schema.org\",\"@graph\":[{\"@type\":\"WebPage\",\"@id\":\"https:\/\/shop724.ca\/fr\/produit\/queue-de-veau-canadienne-halal-lb\/\",\"url\":\"https:\/\/shop724.ca\/fr\/produit\/queue-de-veau-canadienne-halal-lb\/\",\"name\":\"Queue de veau canadienne halal ($\/lb) - shop724\",\"isPartOf\":{\"@id\":\"https:\/\/shop724.ca\/#website\"},\"primaryImageOfPage\":{\"@id\":\"https:\/\/shop724.ca\/fr\/produit\/queue-de-veau-canadienne-halal-lb\/#primaryimage\"},\"image\":{\"@id\":\"https:\/\/shop724.ca\/fr\/produit\/queue-de-veau-canadienne-halal-lb\/#primaryimage\"},\"thumbnailUrl\":\"https:\/\/shop724.ca\/wp-content\/uploads\/2021\/03\/frozen-1.jpg\",\"datePublished\":\"2021-03-09T13:28:21+00:00\",\"breadcrumb\":{\"@id\":\"https:\/\/shop724.ca\/fr\/produit\/queue-de-veau-canadienne-halal-lb\/#breadcrumb\"},\"inLanguage\":\"fr-FR\",\"potentialAction\":[{\"@type\":\"ReadAction\",\"target\":[\"https:\/\/shop724.ca\/fr\/produit\/queue-de-veau-canadienne-halal-lb\/\"]}]},{\"@type\":\"ImageObject\",\"inLanguage\":\"fr-FR\",\"@id\":\"https:\/\/shop724.ca\/fr\/produit\/queue-de-veau-canadienne-halal-lb\/#primaryimage\",\"url\":\"https:\/\/shop724.ca\/wp-content\/uploads\/2021\/03\/frozen-1.jpg\",\"contentUrl\":\"https:\/\/shop724.ca\/wp-content\/uploads\/2021\/03\/frozen-1.jpg\",\"width\":700,\"height\":700},{\"@type\":\"BreadcrumbList\",\"@id\":\"https:\/\/shop724.ca\/fr\/produit\/queue-de-veau-canadienne-halal-lb\/#breadcrumb\",\"itemListElement\":[{\"@type\":\"ListItem\",\"position\":1,\"name\":\"Home\",\"item\":\"https:\/\/shop724.ca\/\"},{\"@type\":\"ListItem\",\"position\":2,\"name\":\"Products\",\"item\":\"https:\/\/shop724.ca\/shop\/\"},{\"@type\":\"ListItem\",\"position\":3,\"name\":\"Queue de veau canadienne halal ($\/lb)\"}]},{\"@type\":\"WebSite\",\"@id\":\"https:\/\/shop724.ca\/#website\",\"url\":\"https:\/\/shop724.ca\/\",\"name\":\"shop724\",\"description\":\"\",\"publisher\":{\"@id\":\"https:\/\/shop724.ca\/#organization\"},\"potentialAction\":[{\"@type\":\"SearchAction\",\"target\":{\"@type\":\"EntryPoint\",\"urlTemplate\":\"https:\/\/shop724.ca\/?s={search_term_string}\"},\"query-input\":{\"@type\":\"PropertyValueSpecification\",\"valueRequired\":true,\"valueName\":\"search_term_string\"}}],\"inLanguage\":\"fr-FR\"},{\"@type\":\"Organization\",\"@id\":\"https:\/\/shop724.ca\/#organization\",\"name\":\"Shop724\",\"url\":\"https:\/\/shop724.ca\/\",\"logo\":{\"@type\":\"ImageObject\",\"inLanguage\":\"fr-FR\",\"@id\":\"https:\/\/shop724.ca\/#\/schema\/logo\/image\/\",\"url\":\"https:\/\/shop724.ca\/wp-content\/uploads\/2020\/06\/cropped-shop-724-black@4x-copy.png\",\"contentUrl\":\"https:\/\/shop724.ca\/wp-content\/uploads\/2020\/06\/cropped-shop-724-black@4x-copy.png\",\"width\":512,\"height\":512,\"caption\":\"Shop724\"},\"image\":{\"@id\":\"https:\/\/shop724.ca\/#\/schema\/logo\/image\/\"}}]}<\/script>\n<!-- \/ Yoast SEO plugin. -->","yoast_head_json":{"title":"Queue de veau canadienne halal ($\/lb) - shop724","robots":{"index":"index","follow":"follow","max-snippet":"max-snippet:-1","max-image-preview":"max-image-preview:large","max-video-preview":"max-video-preview:-1"},"canonical":"https:\/\/shop724.ca\/fr\/produit\/queue-de-veau-canadienne-halal-lb\/","og_locale":"fr_FR","og_type":"article","og_title":"Queue de veau canadienne halal ($\/lb) - shop724","og_description":"Le prix de l'article est bas\u00e9 sur le poids. Le prix final sera ajust\u00e9 en fonction du poids r\u00e9el des articles re\u00e7us.  Prix: 19,98 $\/Kg","og_url":"https:\/\/shop724.ca\/fr\/produit\/queue-de-veau-canadienne-halal-lb\/","og_site_name":"shop724","twitter_card":"summary_large_image","schema":{"@context":"https:\/\/schema.org","@graph":[{"@type":"WebPage","@id":"https:\/\/shop724.ca\/fr\/produit\/queue-de-veau-canadienne-halal-lb\/","url":"https:\/\/shop724.ca\/fr\/produit\/queue-de-veau-canadienne-halal-lb\/","name":"Queue de veau canadienne halal ($\/lb) - shop724","isPartOf":{"@id":"https:\/\/shop724.ca\/#website"},"primaryImageOfPage":{"@id":"https:\/\/shop724.ca\/fr\/produit\/queue-de-veau-canadienne-halal-lb\/#primaryimage"},"image":{"@id":"https:\/\/shop724.ca\/fr\/produit\/queue-de-veau-canadienne-halal-lb\/#primaryimage"},"thumbnailUrl":"https:\/\/shop724.ca\/wp-content\/uploads\/2021\/03\/frozen-1.jpg","datePublished":"2021-03-09T13:28:21+00:00","breadcrumb":{"@id":"https:\/\/shop724.ca\/fr\/produit\/queue-de-veau-canadienne-halal-lb\/#breadcrumb"},"inLanguage":"fr-FR","potentialAction":[{"@type":"ReadAction","target":["https:\/\/shop724.ca\/fr\/produit\/queue-de-veau-canadienne-halal-lb\/"]}]},{"@type":"ImageObject","inLanguage":"fr-FR","@id":"https:\/\/shop724.ca\/fr\/produit\/queue-de-veau-canadienne-halal-lb\/#primaryimage","url":"https:\/\/shop724.ca\/wp-content\/uploads\/2021\/03\/frozen-1.jpg","contentUrl":"https:\/\/shop724.ca\/wp-content\/uploads\/2021\/03\/frozen-1.jpg","width":700,"height":700},{"@type":"BreadcrumbList","@id":"https:\/\/shop724.ca\/fr\/produit\/queue-de-veau-canadienne-halal-lb\/#breadcrumb","itemListElement":[{"@type":"ListItem","position":1,"name":"Home","item":"https:\/\/shop724.ca\/"},{"@type":"ListItem","position":2,"name":"Products","item":"https:\/\/shop724.ca\/shop\/"},{"@type":"ListItem","position":3,"name":"Queue de veau canadienne halal ($\/lb)"}]},{"@type":"WebSite","@id":"https:\/\/shop724.ca\/#website","url":"https:\/\/shop724.ca\/","name":"shop724","description":"","publisher":{"@id":"https:\/\/shop724.ca\/#organization"},"potentialAction":[{"@type":"SearchAction","target":{"@type":"EntryPoint","urlTemplate":"https:\/\/shop724.ca\/?s={search_term_string}"},"query-input":{"@type":"PropertyValueSpecification","valueRequired":true,"valueName":"search_term_string"}}],"inLanguage":"fr-FR"},{"@type":"Organization","@id":"https:\/\/shop724.ca\/#organization","name":"Shop724","url":"https:\/\/shop724.ca\/","logo":{"@type":"ImageObject","inLanguage":"fr-FR","@id":"https:\/\/shop724.ca\/#\/schema\/logo\/image\/","url":"https:\/\/shop724.ca\/wp-content\/uploads\/2020\/06\/cropped-shop-724-black@4x-copy.png","contentUrl":"https:\/\/shop724.ca\/wp-content\/uploads\/2020\/06\/cropped-shop-724-black@4x-copy.png","width":512,"height":512,"caption":"Shop724"},"image":{"@id":"https:\/\/shop724.ca\/#\/schema\/logo\/image\/"}}]}},"_links":{"self":[{"href":"https:\/\/shop724.ca\/fr\/wp-json\/wp\/v2\/product\/25008","targetHints":{"allow":["GET"]}}],"collection":[{"href":"https:\/\/shop724.ca\/fr\/wp-json\/wp\/v2\/product"}],"about":[{"href":"https:\/\/shop724.ca\/fr\/wp-json\/wp\/v2\/types\/product"}],"replies":[{"embeddable":true,"href":"https:\/\/shop724.ca\/fr\/wp-json\/wp\/v2\/comments?post=25008"}],"wp:featuredmedia":[{"embeddable":true,"href":"https:\/\/shop724.ca\/fr\/wp-json\/wp\/v2\/media\/25009"}],"wp:attachment":[{"href":"https:\/\/shop724.ca\/fr\/wp-json\/wp\/v2\/media?parent=25008"}],"wp:term":[{"taxonomy":"product_brand","embeddable":true,"href":"https:\/\/shop724.ca\/fr\/wp-json\/wp\/v2\/product_brand?post=25008"},{"taxonomy":"product_cat","embeddable":true,"href":"https:\/\/shop724.ca\/fr\/wp-json\/wp\/v2\/product_cat?post=25008"},{"taxonomy":"product_tag","embeddable":true,"href":"https:\/\/shop724.ca\/fr\/wp-json\/wp\/v2\/product_tag?post=25008"}],"curies":[{"name":"wp","href":"https:\/\/api.w.org\/{rel}","templated":true}]}}