{"id":26742,"date":"2020-12-23T16:24:28","date_gmt":"2020-12-23T21:24:28","guid":{"rendered":"https:\/\/shop724.ca\/termes-et-conditions-2\/"},"modified":"2020-12-23T16:24:28","modified_gmt":"2020-12-23T21:24:28","slug":"termes-et-conditions-2","status":"publish","type":"page","link":"https:\/\/shop724.ca\/fr\/termes-et-conditions-2\/","title":{"rendered":"Termes et conditions"},"content":{"rendered":"<h1>Conditions d&#8217;utilisation du programme d&#8217;affiliation Shop724<\/h1>\n<h2>Accord<\/h2>\n<p>By signing up to be an Affiliate in the Shop724 Affiliate Program (&#8220;Program&#8221;) you are agreeing to be bound by the following terms and conditions (&#8220;Terms of Service&#8221;). <strong>Shop724<\/strong> reserves the right to update and change the Terms of Service from time to time without notice. Any new features that augment or enhance the current Program, including the release of new tools and resources, shall be subject to the Terms of Service. Continued use of the Program after any such changes shall constitute your consent to such changes. Violation of any of the terms below will result in the termination of your Account and for forfeiture of any outstanding affiliate commission payments earned during the violation. You agree to use the Affiliate Program at your own risk.<\/p>\n<h2>Conditions du compte<\/h2>\n<ul>\n<li>Vous devez avoir 18 ans ou plus pour faire partie de ce programme.<\/li>\n<li>Vous devez r\u00e9sider aux \u00c9tats-Unis pour \u00eatre un affili\u00e9.<\/li>\n<li>Vous devez \u00eatre un humain. Les comptes enregistr\u00e9s par des \u00ab bots \u00bb ou d&#8217;autres m\u00e9thodes automatis\u00e9es ne sont pas autoris\u00e9s. <\/li>\n<li>Vous devez fournir votre nom complet l\u00e9gal, une adresse e-mail valide et toute autre information demand\u00e9e afin de terminer le processus d&#8217;inscription.<\/li>\n<li>Votre identifiant ne peut \u00eatre utilis\u00e9 que par une seule personne : un identifiant unique partag\u00e9 par plusieurs personnes n&#8217;est pas autoris\u00e9.<\/li>\n<li>You are responsible for maintaining the security of your account and password. <strong>Shop724<\/strong> cannot and will not be liable for any loss or damage from your failure to comply with this security obligation.<\/li>\n<li>Vous \u00eates responsable de tout le contenu publi\u00e9 et de toute activit\u00e9 qui se produit sous votre compte.<\/li>\n<li>Une personne physique ou morale ne peut pas d\u00e9tenir plus d\u2019un compte.<\/li>\n<li>Vous ne pouvez pas utiliser le programme d&#8217;affiliation \u00e0 des fins ill\u00e9gales ou non autoris\u00e9es. Vous ne devez pas, dans le cadre de l&#8217;utilisation du service, violer les lois de votre juridiction (y compris, mais sans s&#8217;y limiter, les lois sur les droits d&#8217;auteur). <\/li>\n<li>You may not use the Affiliate Program to earn money on your own <strong>Shop724<\/strong> product accounts.<\/li>\n<\/ul>\n<h2>Liens\/graphiques sur votre site, dans vos e-mails ou autres communications<\/h2>\n<p>Once you have signed up for the Affiliate Program, you will be assigned a unique Affiliate Code. You are permitted to place links, banners, or other graphics we provide with your Affiliate Code on your site, in your emails, or in other communications. We will provide you with guidelines, link styles, and graphical artwork to use in linking to <strong>Shop724<\/strong>. We may change the design of the artwork at any time without notice, but we won&#8217;t change the dimensions of the images without proper notice. To permit accurate tracking, reporting, and referral fee accrual, we will provide you with special link formats to be used in all links between your site and the <strong>Shop724<\/strong>. You must ensure that each of the links between your site and the <strong>Shop724<\/strong> properly utilizes such special link formats. Links to the <strong>Shop724<\/strong> placed on your site pursuant to this Agreement and which properly utilize such special link formats are referred to as &#8220;Special Links.&#8221; You will earn referral fees only with respect to sales on a <strong>Shop724<\/strong> product occurring directly through Special Links; we will not be liable to you with respect to any failure by you or someone you refer to use Special Links or incorrectly type your Affiliate Code, including to the extent that such failure may result in any reduction of amounts that would otherwise be paid to you pursuant to this Agreement. Affiliate links should point to the page of the product being promoted.   <\/p>\n<h2>Frais\/commissions de r\u00e9f\u00e9rence et paiement<\/h2>\n<p>For a Product sale to be eligible to earn a referral fee, the customer must click-through a Special Link from your site, email, or other communications to <strong>https:\/\/shop724.ca<\/strong> and complete an order for a product during that session. We will only pay commissions on links that are automatically tracked and reported by our systems. We will not pay commissions if someone says they purchased or someone says they entered a referral code if it was not tracked by our system. We can only pay commissions on business generated through properly formatted special links that were automatically tracked by our systems. We reserve the right to disqualify commissions earned through fraudulent, illegal, or overly aggressive, questionable sales or marketing methods. Payments only begin once you&#8217;ve earned more than <strong>$20<\/strong> in affiliate income. If your affiliate account never crosses the <strong>$20<\/strong> threshold, your commissions will not be realized or paid. We are only responsible for paying accounts that have crossed the <strong>$20<\/strong> threshold.<\/p>\n<h2>S&#8217;identifier en tant qu&#8217;affili\u00e9 Shop724<\/h2>\n<p>You may not issue any press release with respect to this Agreement or your participation in the Program; such action may result in your termination from the Program. In addition, you may not in any manner misrepresent or embellish the relationship between us and you, say you develop our products, say you are part of <strong>Shop724<\/strong> or express or imply any relationship or affiliation between us and you or any other person or entity except as expressly permitted by this Agreement (including by expressing or implying that we support, sponsor, endorse, or contribute money to any charity or other cause). You may not purchase products through your affiliate links for your own use. Such purchases may result (in our sole discretion) in the withholding of referral fees and\/or the termination of this Agreement. <\/p>\n<h2>Calendrier de paiement<\/h2>\n<p>As long as your current affiliate earning are over <strong>$20<\/strong>, you&#8217;ll be paid each month. If you haven&#8217;t earned <strong>$20<\/strong> since your last payment, we&#8217;ll pay you the following month after you&#8217;ve crossed the threshold. <\/p>\n<h2>D\u00e9finition du client<\/h2>\n<p>Customers who buy products through this Program will be deemed to be our customers. Accordingly, all of our rules, policies, and operating procedures concerning customer orders, customer service, and product sales will apply to those customers. We may change our policies and operating procedures at any time. For example, we will determine the prices to be charged for products sold under this Program in accordance with our own pricing policies. Product prices and availability may vary from time to time. Because price changes may affect Products that you have listed on your site, you should not display product prices on your site. We will use commercially reasonable efforts to present accurate information, but we cannot guarantee the availability or price of any particular product.      <\/p>\n<h2>Vos responsabilit\u00e9s<\/h2>\n<p>You will be solely responsible for the development, operation, and maintenance of your site and for all materials that appear on your site. For example, you will be solely responsible for: &#8211; The technical operation of your site and all related equipment &#8211; Ensuring the display of Special Links on your site does not violate any agreement between you and any third party (including without limitation any restrictions or requirements placed on you by a third party that hosts your site) &#8211; The accuracy, truth, and appropriateness of materials posted on your site (including, among other things, all Product-related materials and any information you include within or associate with Special Links) &#8211; Ensuring that materials posted on your site do not violate or infringe upon the rights of any third party (including, for example, copyrights, trademarks, privacy, or other personal or proprietary rights) &#8211; Ensuring that materials posted on your site are not libelous or otherwise illegal &#8211; Ensuring that your site accurately and adequately discloses, either through a privacy policy or otherwise, how you collect, use, store, and disclose data collected from visitors, including, where applicable, that third parties (including advertisers) may serve content and\/or advertisements and collect information directly from visitors and may place or recognize cookies on visitors&#8217; browsers. <\/p>\n<h2>Respect des lois<\/h2>\n<p>As a condition to your participation in the Program, you agree that while you are a Program participant you will comply with all laws, ordinances, rules, regulations, orders, licenses, permits, judgments, decisions or other requirements of any governmental authority that has jurisdiction over you, whether those laws, etc. are now in effect or later come into effect during the time you are a Program participant. Without limiting the foregoing obligation, you agree that as a condition of your participation in the Program you will comply with all applicable laws (federal, state or otherwise) that govern marketing email, including without limitation, the CAN-SPAM Act of 2003 and all other anti-spam laws. <\/p>\n<h2>Dur\u00e9e de l&#8217;accord et du programme<\/h2>\n<p>The term of this Agreement will begin upon our acceptance of your Program application and will end when terminated by either party. Either you or we may terminate this Agreement at any time, with or without cause, by giving the other party written notice of termination. Upon the termination of this Agreement for any reason, you will immediately cease use of, and remove from your site, all links to <strong>https:\/\/shop724.ca<\/strong>, and all of our trademarks, trade dress, and logos, and all other materials provided by or on behalf of us to you pursuant hereto or in connection with the Program. <strong>Shop724<\/strong> reserves the right to end the Program at any time. Upon program termination, <strong>Shop724<\/strong> will pay any outstanding earnings accrued above <strong>$20<\/strong>.   <\/p>\n<h2>Terminaison<\/h2>\n<p><strong>Shop724<\/strong>, in its sole discretion, has the right to suspend or terminate your account and refuse any and all current or future use of the Program, or any other <strong>Shop724<\/strong> service, for any reason at any time. Such termination of the Service will result in the deactivation or deletion of your Account or your access to your Account, and the forfeiture and relinquishment of all potential or to-be-paid commissions in your Account if they were earned through fraudulent, illegal, or overly aggressive, questionable sales or marketing methods. <strong>Shop724<\/strong> reserves the right to refuse service to anyone for any reason at any time. <\/p>\n<h2>Relation entre les parties<\/h2>\n<p>You and we are independent contractors, and nothing in this Agreement will create any partnership, joint venture, agency, franchise, sales representative, or employment relationship between the parties. You will have no authority to make or accept any offers or representations on our behalf. You will not make any statement, whether on your site or otherwise, that reasonably would contradict anything in this Section.  <\/p>\n<h2>Limitations de responsabilit\u00e9<\/h2>\n<p>Nous ne serons pas responsables des dommages indirects, sp\u00e9ciaux ou cons\u00e9cutifs (ou de toute perte de revenus, de b\u00e9n\u00e9fices ou de donn\u00e9es) d\u00e9coulant du pr\u00e9sent Contrat ou du Programme, m\u00eame si nous avons \u00e9t\u00e9 inform\u00e9s de la possibilit\u00e9 de tels dommages. En outre, notre responsabilit\u00e9 globale d\u00e9coulant du pr\u00e9sent Contrat et du Programme ne d\u00e9passera pas le total des commissions de r\u00e9f\u00e9rencement qui vous ont \u00e9t\u00e9 vers\u00e9es ou qui vous sont payables en vertu du pr\u00e9sent Contrat. <\/p>\n<h2>Avis de non-responsabilit\u00e9<\/h2>\n<p>We make no express or implied warranties or representations with respect to the Program or any products sold through the Program (including, without limitation, warranties of fitness, merchantability, noninfringement, or any implied warranties arising out of a course of performance, dealing, or trade usage). In addition, we make no representation that the operation of the <strong>Shop724<\/strong> will be uninterrupted or error-free, and we will not be liable for the consequences of any interruptions or errors. <\/p>\n<h2>Enqu\u00eate ind\u00e9pendante<\/h2>\n<p>YOU ACKNOWLEDGE THAT YOU HAVE READ THIS AGREEMENT AND AGREE TO ALL ITS TERMS AND CONDITIONS. YOU UNDERSTAND THAT WE MAY AT ANY TIME (DIRECTLY OR INDIRECTLY) SOLICIT CUSTOMER REFERRALS ON TERMS THAT MAY DIFFER FROM THOSE CONTAINED IN THIS AGREEMENT OR OPERATE WEB SITES THAT ARE SIMILAR TO OR COMPETE WITH YOUR WEB SITE. YOU HAVE INDEPENDENTLY EVALUATED THE DESIRABILITY OF PARTICIPATING IN THE PROGRAM AND ARE NOT RELYING ON ANY REPRESENTATION, GUARANTEE, OR STATEMENT OTHER THAN AS SET FORTH IN THIS AGREEMENT.  <\/p>\n<h2>Arbitrage<\/h2>\n<p>Any dispute relating in any way to this Agreement (including any actual or alleged breach hereof), any transactions or activities under this Agreement or your relationship with us or any of our affiliates shall be submitted to confidential arbitration, except that, to the extent you have in any manner violated or threatened to violate our intellectual property rights, we may seek injunctive or other appropriate relief in any state or federal court (and you consent to non-exclusive jurisdiction and venue in such courts) or any other court of competent jurisdiction. Arbitration under this agreement shall be conducted under the rules then prevailing of the American Arbitration Association. The arbitrator&#8217;s award shall be binding and may be entered as a judgment in any court of competent jurisdiction. To the fullest extent permitted by applicable law, no arbitration under this Agreement shall be joined to an arbitration involving any other party subject to this Agreement, whether through class arbitration proceedings or otherwise.   <\/p>\n<h2>Divers<\/h2>\n<p>This Agreement will be governed by the laws of The United States, without reference to rules governing choice of laws. You may not assign this Agreement, by operation of law or otherwise, without our prior written consent. Subject to that restriction, this Agreement will be binding on, inure to the benefit of, and be enforceable against the parties and their respective successors and assigns. Our failure to enforce your strict performance of any provision of this Agreement will not constitute a waiver of our right to subsequently enforce such provision or any other provision of this Agreement. The failure of <strong>Shop724<\/strong> to exercise or enforce any right or provision of the Terms of Service shall not constitute a waiver of such right or provision. The Terms of Service constitutes the entire agreement between you and <strong>Shop724<\/strong> and govern your use of the Service, superceding any prior agreements between you and <strong>Shop724<\/strong> (including, but not limited to, any prior versions of the Terms of Service).   <\/p>\n","protected":false},"excerpt":{"rendered":"<p>Conditions d&#8217;utilisation du programme d&#8217;affiliation Shop724 Accord By signing up to be an Affiliate in the Shop724 Affiliate Program (&#8220;Program&#8221;)<\/p>\n","protected":false},"author":10,"featured_media":0,"parent":0,"menu_order":0,"comment_status":"closed","ping_status":"closed","template":"","meta":{"footnotes":"","_links_to":"","_links_to_target":""},"class_list":["post-26742","page","type-page","status-publish","hentry"],"yoast_head":"<!-- This site is optimized with the Yoast SEO plugin v26.6 - https:\/\/yoast.com\/wordpress\/plugins\/seo\/ -->\n<title>Termes et conditions - shop724<\/title>\n<meta name=\"robots\" content=\"index, follow, max-snippet:-1, max-image-preview:large, max-video-preview:-1\" \/>\n<link rel=\"canonical\" href=\"https:\/\/shop724.ca\/fr\/termes-et-conditions-2\/\" \/>\n<meta property=\"og:locale\" content=\"fr_FR\" \/>\n<meta property=\"og:type\" content=\"article\" \/>\n<meta property=\"og:title\" content=\"Termes et conditions - shop724\" \/>\n<meta property=\"og:description\" content=\"Conditions d&#8217;utilisation du programme d&#8217;affiliation Shop724 Accord By signing up to be an Affiliate in the Shop724 Affiliate Program (&#8220;Program&#8221;)\" \/>\n<meta property=\"og:url\" content=\"https:\/\/shop724.ca\/fr\/termes-et-conditions-2\/\" \/>\n<meta property=\"og:site_name\" content=\"shop724\" \/>\n<meta name=\"twitter:card\" content=\"summary_large_image\" \/>\n<meta name=\"twitter:label1\" content=\"Dur\u00e9e de lecture estim\u00e9e\" \/>\n\t<meta name=\"twitter:data1\" content=\"11 minutes\" \/>\n<script type=\"application\/ld+json\" class=\"yoast-schema-graph\">{\"@context\":\"https:\/\/schema.org\",\"@graph\":[{\"@type\":\"WebPage\",\"@id\":\"https:\/\/shop724.ca\/fr\/termes-et-conditions-2\/\",\"url\":\"https:\/\/shop724.ca\/fr\/termes-et-conditions-2\/\",\"name\":\"Termes et conditions - shop724\",\"isPartOf\":{\"@id\":\"https:\/\/shop724.ca\/#website\"},\"datePublished\":\"2020-12-23T21:24:28+00:00\",\"breadcrumb\":{\"@id\":\"https:\/\/shop724.ca\/fr\/termes-et-conditions-2\/#breadcrumb\"},\"inLanguage\":\"fr-FR\",\"potentialAction\":[{\"@type\":\"ReadAction\",\"target\":[\"https:\/\/shop724.ca\/fr\/termes-et-conditions-2\/\"]}]},{\"@type\":\"BreadcrumbList\",\"@id\":\"https:\/\/shop724.ca\/fr\/termes-et-conditions-2\/#breadcrumb\",\"itemListElement\":[{\"@type\":\"ListItem\",\"position\":1,\"name\":\"Home\",\"item\":\"https:\/\/shop724.ca\/\"},{\"@type\":\"ListItem\",\"position\":2,\"name\":\"Termes et conditions\"}]},{\"@type\":\"WebSite\",\"@id\":\"https:\/\/shop724.ca\/#website\",\"url\":\"https:\/\/shop724.ca\/\",\"name\":\"shop724\",\"description\":\"\",\"publisher\":{\"@id\":\"https:\/\/shop724.ca\/#organization\"},\"potentialAction\":[{\"@type\":\"SearchAction\",\"target\":{\"@type\":\"EntryPoint\",\"urlTemplate\":\"https:\/\/shop724.ca\/?s={search_term_string}\"},\"query-input\":{\"@type\":\"PropertyValueSpecification\",\"valueRequired\":true,\"valueName\":\"search_term_string\"}}],\"inLanguage\":\"fr-FR\"},{\"@type\":\"Organization\",\"@id\":\"https:\/\/shop724.ca\/#organization\",\"name\":\"Shop724\",\"url\":\"https:\/\/shop724.ca\/\",\"logo\":{\"@type\":\"ImageObject\",\"inLanguage\":\"fr-FR\",\"@id\":\"https:\/\/shop724.ca\/#\/schema\/logo\/image\/\",\"url\":\"https:\/\/shop724.ca\/wp-content\/uploads\/2020\/06\/cropped-shop-724-black@4x-copy.png\",\"contentUrl\":\"https:\/\/shop724.ca\/wp-content\/uploads\/2020\/06\/cropped-shop-724-black@4x-copy.png\",\"width\":512,\"height\":512,\"caption\":\"Shop724\"},\"image\":{\"@id\":\"https:\/\/shop724.ca\/#\/schema\/logo\/image\/\"}}]}<\/script>\n<!-- \/ Yoast SEO plugin. -->","yoast_head_json":{"title":"Termes et conditions - shop724","robots":{"index":"index","follow":"follow","max-snippet":"max-snippet:-1","max-image-preview":"max-image-preview:large","max-video-preview":"max-video-preview:-1"},"canonical":"https:\/\/shop724.ca\/fr\/termes-et-conditions-2\/","og_locale":"fr_FR","og_type":"article","og_title":"Termes et conditions - shop724","og_description":"Conditions d&#8217;utilisation du programme d&#8217;affiliation Shop724 Accord By signing up to be an Affiliate in the Shop724 Affiliate Program (&#8220;Program&#8221;)","og_url":"https:\/\/shop724.ca\/fr\/termes-et-conditions-2\/","og_site_name":"shop724","twitter_card":"summary_large_image","twitter_misc":{"Dur\u00e9e de lecture estim\u00e9e":"11 minutes"},"schema":{"@context":"https:\/\/schema.org","@graph":[{"@type":"WebPage","@id":"https:\/\/shop724.ca\/fr\/termes-et-conditions-2\/","url":"https:\/\/shop724.ca\/fr\/termes-et-conditions-2\/","name":"Termes et conditions - shop724","isPartOf":{"@id":"https:\/\/shop724.ca\/#website"},"datePublished":"2020-12-23T21:24:28+00:00","breadcrumb":{"@id":"https:\/\/shop724.ca\/fr\/termes-et-conditions-2\/#breadcrumb"},"inLanguage":"fr-FR","potentialAction":[{"@type":"ReadAction","target":["https:\/\/shop724.ca\/fr\/termes-et-conditions-2\/"]}]},{"@type":"BreadcrumbList","@id":"https:\/\/shop724.ca\/fr\/termes-et-conditions-2\/#breadcrumb","itemListElement":[{"@type":"ListItem","position":1,"name":"Home","item":"https:\/\/shop724.ca\/"},{"@type":"ListItem","position":2,"name":"Termes et conditions"}]},{"@type":"WebSite","@id":"https:\/\/shop724.ca\/#website","url":"https:\/\/shop724.ca\/","name":"shop724","description":"","publisher":{"@id":"https:\/\/shop724.ca\/#organization"},"potentialAction":[{"@type":"SearchAction","target":{"@type":"EntryPoint","urlTemplate":"https:\/\/shop724.ca\/?s={search_term_string}"},"query-input":{"@type":"PropertyValueSpecification","valueRequired":true,"valueName":"search_term_string"}}],"inLanguage":"fr-FR"},{"@type":"Organization","@id":"https:\/\/shop724.ca\/#organization","name":"Shop724","url":"https:\/\/shop724.ca\/","logo":{"@type":"ImageObject","inLanguage":"fr-FR","@id":"https:\/\/shop724.ca\/#\/schema\/logo\/image\/","url":"https:\/\/shop724.ca\/wp-content\/uploads\/2020\/06\/cropped-shop-724-black@4x-copy.png","contentUrl":"https:\/\/shop724.ca\/wp-content\/uploads\/2020\/06\/cropped-shop-724-black@4x-copy.png","width":512,"height":512,"caption":"Shop724"},"image":{"@id":"https:\/\/shop724.ca\/#\/schema\/logo\/image\/"}}]}},"_links":{"self":[{"href":"https:\/\/shop724.ca\/fr\/wp-json\/wp\/v2\/pages\/26742","targetHints":{"allow":["GET"]}}],"collection":[{"href":"https:\/\/shop724.ca\/fr\/wp-json\/wp\/v2\/pages"}],"about":[{"href":"https:\/\/shop724.ca\/fr\/wp-json\/wp\/v2\/types\/page"}],"author":[{"embeddable":true,"href":"https:\/\/shop724.ca\/fr\/wp-json\/wp\/v2\/users\/10"}],"replies":[{"embeddable":true,"href":"https:\/\/shop724.ca\/fr\/wp-json\/wp\/v2\/comments?post=26742"}],"version-history":[{"count":0,"href":"https:\/\/shop724.ca\/fr\/wp-json\/wp\/v2\/pages\/26742\/revisions"}],"wp:attachment":[{"href":"https:\/\/shop724.ca\/fr\/wp-json\/wp\/v2\/media?parent=26742"}],"curies":[{"name":"wp","href":"https:\/\/api.w.org\/{rel}","templated":true}]}}