{"id":25290,"date":"2020-07-03T20:17:13","date_gmt":"2020-07-04T00:17:13","guid":{"rendered":"https:\/\/shop724.ca\/annulation-de-ladhesion-4\/"},"modified":"2024-10-14T05:42:47","modified_gmt":"2024-10-14T09:42:47","slug":"annulation-de-ladhesion-4","status":"publish","type":"page","link":"https:\/\/shop724.ca\/fr\/annulation-de-ladhesion-4\/","title":{"rendered":"Annulation de l&#8217;adh\u00e9sion"},"content":{"rendered":"<p>[vc_row][vc_column][vc_custom_heading source=&#8221;post_title&#8221; font_container=&#8221;tag:h2|text_align:center&#8221;][\/vc_column][\/vc_row][vc_row][vc_column][vc_empty_space height=&#8221;20&#8243; woodmart_hide_large=&#8221;0&#8243; woodmart_hide_medium=&#8221;0&#8243; woodmart_hide_small=&#8221;0&#8243; woodmart_hide_extra_small=&#8221;0&#8243;][\/vc_column][\/vc_row][vc_row][vc_column width=&#8221;1\/2&#8243;][vc_toggle title=&#8221;Pouvons-nous r\u00e9activer notre fichier d&apos;adh\u00e9sion apr\u00e8s avoir annul\u00e9 l&apos;adh\u00e9sion ?&#8221;]<\/p>\n<div class=\"row\">\n<div class=\"col-12\">\n<div class=\"fw-accordion ui-accordion ui-widget ui-helper-reset\" role=\"tablist\">\n<div id=\"ui-id-4\" class=\"fw-accordion-content ui-accordion-content ui-helper-reset ui-widget-content ui-corner-bottom ui-accordion-content-active\" role=\"tabpanel\" aria-labelledby=\"ui-id-3\" aria-hidden=\"false\">\n<p>Oui, en soumettant votre demande par courriel \u00e0 shop724@shop724.ca \u00e0 condition que six mois se soient \u00e9coul\u00e9s depuis la demande d&#8217;annulation.<\/p>\n<\/div>\n<\/div>\n<\/div>\n<\/div>\n<div class=\"row\"><\/div>\n<p>[\/vc_toggle][\/vc_column][vc_column width=&#8221;1\/2&#8243;][vc_toggle title=&#8221;Comment pouvons-nous annuler notre adh\u00e9sion au magasin ?&#8221;]<\/p>\n<div id=\"ui-id-2\" class=\"fw-accordion-content ui-accordion-content ui-helper-reset ui-widget-content ui-corner-bottom ui-accordion-content-active\" role=\"tabpanel\" aria-labelledby=\"ui-id-1\" aria-hidden=\"false\">\n<p>En envoyant un courriel \u00e0 shop724@shop724.ca et en demandant votre d\u00e9sabonnement<\/p>\n<\/div>\n<h3 id=\"ui-id-3\" class=\"fw-accordion-title ui-accordion-header ui-state-default ui-corner-all ui-accordion-icons\" tabindex=\"-1\" role=\"tab\" aria-controls=\"ui-id-4\" aria-selected=\"false\" aria-expanded=\"false\"><\/h3>\n<p>[\/vc_toggle][\/vc_column][\/vc_row][vc_row][vc_column width=&#8221;1\/2&#8243;][vc_toggle title=&#8221;Question 1&#8243;]R\u00e9ponse 1[\/vc_toggle][\/vc_column][vc_column width=&#8221;1\/2&#8243;][vc_toggle title=&#8221;Question 1&#8243;]R\u00e9ponse 1[\/vc_toggle][\/vc_column][\/vc_row]<\/p>\n","protected":false},"excerpt":{"rendered":"<p>[vc_row][vc_column][vc_custom_heading source=&#8221;post_title&#8221; font_container=&#8221;tag:h2|text_align:center&#8221;][\/vc_column][\/vc_row][vc_row][vc_column][vc_empty_space height=&#8221;20&#8243; woodmart_hide_large=&#8221;0&#8243; woodmart_hide_medium=&#8221;0&#8243; woodmart_hide_small=&#8221;0&#8243; woodmart_hide_extra_small=&#8221;0&#8243;][\/vc_column][\/vc_row][vc_row][vc_column width=&#8221;1\/2&#8243;][vc_toggle title=&#8221;Pouvons-nous r\u00e9activer notre fichier d&apos;adh\u00e9sion apr\u00e8s avoir annul\u00e9 l&apos;adh\u00e9sion ?&#8221;] Oui,<\/p>\n","protected":false},"author":10,"featured_media":0,"parent":0,"menu_order":0,"comment_status":"closed","ping_status":"closed","template":"","meta":{"footnotes":"","_links_to":"","_links_to_target":""},"class_list":["post-25290","page","type-page","status-publish","hentry"],"yoast_head":"<!-- This site is optimized with the Yoast SEO plugin v26.6 - https:\/\/yoast.com\/wordpress\/plugins\/seo\/ -->\n<title>Annulation de l&#039;adh\u00e9sion - shop724<\/title>\n<meta name=\"robots\" content=\"index, follow, max-snippet:-1, max-image-preview:large, max-video-preview:-1\" \/>\n<link rel=\"canonical\" href=\"https:\/\/shop724.ca\/fr\/annulation-de-ladhesion-4\/\" \/>\n<meta property=\"og:locale\" content=\"fr_FR\" \/>\n<meta property=\"og:type\" content=\"article\" \/>\n<meta property=\"og:title\" content=\"Annulation de l&#039;adh\u00e9sion - shop724\" \/>\n<meta property=\"og:description\" content=\"[vc_row][vc_column][vc_custom_heading source=&#8221;post_title&#8221; font_container=&#8221;tag:h2|text_align:center&#8221;][\/vc_column][\/vc_row][vc_row][vc_column][vc_empty_space height=&#8221;20&#8243; woodmart_hide_large=&#8221;0&#8243; woodmart_hide_medium=&#8221;0&#8243; woodmart_hide_small=&#8221;0&#8243; woodmart_hide_extra_small=&#8221;0&#8243;][\/vc_column][\/vc_row][vc_row][vc_column width=&#8221;1\/2&#8243;][vc_toggle title=&#8221;Pouvons-nous r\u00e9activer notre fichier d&amp;apos;adh\u00e9sion apr\u00e8s avoir annul\u00e9 l&amp;apos;adh\u00e9sion ?&#8221;] Oui,\" \/>\n<meta property=\"og:url\" content=\"https:\/\/shop724.ca\/fr\/annulation-de-ladhesion-4\/\" \/>\n<meta property=\"og:site_name\" content=\"shop724\" \/>\n<meta property=\"article:modified_time\" content=\"2024-10-14T09:42:47+00:00\" \/>\n<meta name=\"twitter:card\" content=\"summary_large_image\" \/>\n<meta name=\"twitter:label1\" content=\"Dur\u00e9e de lecture estim\u00e9e\" \/>\n\t<meta name=\"twitter:data1\" content=\"1 minute\" \/>\n<script type=\"application\/ld+json\" class=\"yoast-schema-graph\">{\"@context\":\"https:\/\/schema.org\",\"@graph\":[{\"@type\":\"WebPage\",\"@id\":\"https:\/\/shop724.ca\/fr\/annulation-de-ladhesion-4\/\",\"url\":\"https:\/\/shop724.ca\/fr\/annulation-de-ladhesion-4\/\",\"name\":\"Annulation de l'adh\u00e9sion - shop724\",\"isPartOf\":{\"@id\":\"https:\/\/shop724.ca\/#website\"},\"datePublished\":\"2020-07-04T00:17:13+00:00\",\"dateModified\":\"2024-10-14T09:42:47+00:00\",\"breadcrumb\":{\"@id\":\"https:\/\/shop724.ca\/fr\/annulation-de-ladhesion-4\/#breadcrumb\"},\"inLanguage\":\"fr-FR\",\"potentialAction\":[{\"@type\":\"ReadAction\",\"target\":[\"https:\/\/shop724.ca\/fr\/annulation-de-ladhesion-4\/\"]}]},{\"@type\":\"BreadcrumbList\",\"@id\":\"https:\/\/shop724.ca\/fr\/annulation-de-ladhesion-4\/#breadcrumb\",\"itemListElement\":[{\"@type\":\"ListItem\",\"position\":1,\"name\":\"Home\",\"item\":\"https:\/\/shop724.ca\/\"},{\"@type\":\"ListItem\",\"position\":2,\"name\":\"Annulation de l&#8217;adh\u00e9sion\"}]},{\"@type\":\"WebSite\",\"@id\":\"https:\/\/shop724.ca\/#website\",\"url\":\"https:\/\/shop724.ca\/\",\"name\":\"shop724\",\"description\":\"\",\"publisher\":{\"@id\":\"https:\/\/shop724.ca\/#organization\"},\"potentialAction\":[{\"@type\":\"SearchAction\",\"target\":{\"@type\":\"EntryPoint\",\"urlTemplate\":\"https:\/\/shop724.ca\/?s={search_term_string}\"},\"query-input\":{\"@type\":\"PropertyValueSpecification\",\"valueRequired\":true,\"valueName\":\"search_term_string\"}}],\"inLanguage\":\"fr-FR\"},{\"@type\":\"Organization\",\"@id\":\"https:\/\/shop724.ca\/#organization\",\"name\":\"Shop724\",\"url\":\"https:\/\/shop724.ca\/\",\"logo\":{\"@type\":\"ImageObject\",\"inLanguage\":\"fr-FR\",\"@id\":\"https:\/\/shop724.ca\/#\/schema\/logo\/image\/\",\"url\":\"https:\/\/shop724.ca\/wp-content\/uploads\/2020\/06\/cropped-shop-724-black@4x-copy.png\",\"contentUrl\":\"https:\/\/shop724.ca\/wp-content\/uploads\/2020\/06\/cropped-shop-724-black@4x-copy.png\",\"width\":512,\"height\":512,\"caption\":\"Shop724\"},\"image\":{\"@id\":\"https:\/\/shop724.ca\/#\/schema\/logo\/image\/\"}}]}<\/script>\n<!-- \/ Yoast SEO plugin. -->","yoast_head_json":{"title":"Annulation de l'adh\u00e9sion - shop724","robots":{"index":"index","follow":"follow","max-snippet":"max-snippet:-1","max-image-preview":"max-image-preview:large","max-video-preview":"max-video-preview:-1"},"canonical":"https:\/\/shop724.ca\/fr\/annulation-de-ladhesion-4\/","og_locale":"fr_FR","og_type":"article","og_title":"Annulation de l'adh\u00e9sion - shop724","og_description":"[vc_row][vc_column][vc_custom_heading source=&#8221;post_title&#8221; font_container=&#8221;tag:h2|text_align:center&#8221;][\/vc_column][\/vc_row][vc_row][vc_column][vc_empty_space height=&#8221;20&#8243; woodmart_hide_large=&#8221;0&#8243; woodmart_hide_medium=&#8221;0&#8243; woodmart_hide_small=&#8221;0&#8243; woodmart_hide_extra_small=&#8221;0&#8243;][\/vc_column][\/vc_row][vc_row][vc_column width=&#8221;1\/2&#8243;][vc_toggle title=&#8221;Pouvons-nous r\u00e9activer notre fichier d&apos;adh\u00e9sion apr\u00e8s avoir annul\u00e9 l&apos;adh\u00e9sion ?&#8221;] Oui,","og_url":"https:\/\/shop724.ca\/fr\/annulation-de-ladhesion-4\/","og_site_name":"shop724","article_modified_time":"2024-10-14T09:42:47+00:00","twitter_card":"summary_large_image","twitter_misc":{"Dur\u00e9e de lecture estim\u00e9e":"1 minute"},"schema":{"@context":"https:\/\/schema.org","@graph":[{"@type":"WebPage","@id":"https:\/\/shop724.ca\/fr\/annulation-de-ladhesion-4\/","url":"https:\/\/shop724.ca\/fr\/annulation-de-ladhesion-4\/","name":"Annulation de l'adh\u00e9sion - shop724","isPartOf":{"@id":"https:\/\/shop724.ca\/#website"},"datePublished":"2020-07-04T00:17:13+00:00","dateModified":"2024-10-14T09:42:47+00:00","breadcrumb":{"@id":"https:\/\/shop724.ca\/fr\/annulation-de-ladhesion-4\/#breadcrumb"},"inLanguage":"fr-FR","potentialAction":[{"@type":"ReadAction","target":["https:\/\/shop724.ca\/fr\/annulation-de-ladhesion-4\/"]}]},{"@type":"BreadcrumbList","@id":"https:\/\/shop724.ca\/fr\/annulation-de-ladhesion-4\/#breadcrumb","itemListElement":[{"@type":"ListItem","position":1,"name":"Home","item":"https:\/\/shop724.ca\/"},{"@type":"ListItem","position":2,"name":"Annulation de l&#8217;adh\u00e9sion"}]},{"@type":"WebSite","@id":"https:\/\/shop724.ca\/#website","url":"https:\/\/shop724.ca\/","name":"shop724","description":"","publisher":{"@id":"https:\/\/shop724.ca\/#organization"},"potentialAction":[{"@type":"SearchAction","target":{"@type":"EntryPoint","urlTemplate":"https:\/\/shop724.ca\/?s={search_term_string}"},"query-input":{"@type":"PropertyValueSpecification","valueRequired":true,"valueName":"search_term_string"}}],"inLanguage":"fr-FR"},{"@type":"Organization","@id":"https:\/\/shop724.ca\/#organization","name":"Shop724","url":"https:\/\/shop724.ca\/","logo":{"@type":"ImageObject","inLanguage":"fr-FR","@id":"https:\/\/shop724.ca\/#\/schema\/logo\/image\/","url":"https:\/\/shop724.ca\/wp-content\/uploads\/2020\/06\/cropped-shop-724-black@4x-copy.png","contentUrl":"https:\/\/shop724.ca\/wp-content\/uploads\/2020\/06\/cropped-shop-724-black@4x-copy.png","width":512,"height":512,"caption":"Shop724"},"image":{"@id":"https:\/\/shop724.ca\/#\/schema\/logo\/image\/"}}]}},"_links":{"self":[{"href":"https:\/\/shop724.ca\/fr\/wp-json\/wp\/v2\/pages\/25290","targetHints":{"allow":["GET"]}}],"collection":[{"href":"https:\/\/shop724.ca\/fr\/wp-json\/wp\/v2\/pages"}],"about":[{"href":"https:\/\/shop724.ca\/fr\/wp-json\/wp\/v2\/types\/page"}],"author":[{"embeddable":true,"href":"https:\/\/shop724.ca\/fr\/wp-json\/wp\/v2\/users\/10"}],"replies":[{"embeddable":true,"href":"https:\/\/shop724.ca\/fr\/wp-json\/wp\/v2\/comments?post=25290"}],"version-history":[{"count":5,"href":"https:\/\/shop724.ca\/fr\/wp-json\/wp\/v2\/pages\/25290\/revisions"}],"predecessor-version":[{"id":25303,"href":"https:\/\/shop724.ca\/fr\/wp-json\/wp\/v2\/pages\/25290\/revisions\/25303"}],"wp:attachment":[{"href":"https:\/\/shop724.ca\/fr\/wp-json\/wp\/v2\/media?parent=25290"}],"curies":[{"name":"wp","href":"https:\/\/api.w.org\/{rel}","templated":true}]}}