{"id":24772,"date":"2017-06-26T14:50:33","date_gmt":"2017-06-26T18:50:33","guid":{"rendered":"https:\/\/shop724.ca\/contactez-nous\/"},"modified":"2024-10-13T04:17:47","modified_gmt":"2024-10-13T08:17:47","slug":"contactez-nous","status":"publish","type":"page","link":"https:\/\/shop724.ca\/fr\/contactez-nous\/","title":{"rendered":"Contactez-nous"},"content":{"rendered":"<p>[vc_row css=&#8221;.vc_custom_1496928548785{margin-top: 4vh !important;margin-bottom: 8vh !important;}&#8221;][vc_column offset=&#8221;vc_col-lg-offset-3 vc_col-lg-6 vc_col-md-offset-3 vc_col-md-6&#8243;][vc_custom_heading text=&#8221;<strong>Nous joindre<\/strong>&#8221; font_container=&#8221;tag:h5|font_size:48|text_align:center&#8221; use_theme_fonts=&#8221;yes&#8221; css=&#8221;.vc_custom_1577365389713{margin-bottom: 10px !important;}&#8221;][vc_column_text el_class=&#8221;text-larger&#8221; css=&#8221;.vc_custom_1593632796541{margin-bottom: 0px !important;padding-right: 9% !important;padding-left: 9% !important;}&#8221; text_larger=&#8221;no&#8221;]<\/p>\n<p style=\"text-align: justify;\">Cher utilisateur, si vous avez des questions ou des ambigu\u00eft\u00e9s, veuillez envoyer la r\u00e9ponse \u00e0 la section des questions courantes avant d&#8217;envoyer un courriel ou de t\u00e9l\u00e9phoner \u00e0 shop724.ca, et si vous ne trouvez pas la r\u00e9ponse, veuillez nous joindre par les moyens suivants.<\/p>\n<p>[\/vc_column_text][\/vc_column][\/vc_row][vc_row css_animation=&#8221;none&#8221; css=&#8221;.vc_custom_1496930373879{margin-bottom: 30px !important;padding-right: 5% !important;padding-left: 5% !important;}&#8221;][vc_column css_animation=&#8221;none&#8221; width=&#8221;1\/4&#8243; css=&#8221;.vc_custom_1496929082665{margin-bottom: 20px !important;padding-top: 0px !important;}&#8221; offset=&#8221;vc_col-lg-3 vc_col-md-3&#8243;][vc_custom_heading text=&#8221;\u0627\u0631\u0633\u0627\u0644 \u062a\u06cc\u06a9\u062a \u067e\u0634\u062a\u06cc\u0628\u0627\u0646\u06cc&#8221; font_container=&#8221;tag:h6|text_align:right&#8221; use_theme_fonts=&#8221;yes&#8221; css=&#8221;.vc_custom_1594017814024{margin-bottom: 10px !important;}&#8221;][vc_separator color=&#8221;custom&#8221; accent_color=&#8221;#eaeaea&#8221; css=&#8221;.vc_custom_1481478904779{margin-bottom: 10px !important;}&#8221;][vc_custom_heading text=&#8221;\u0627\u0632 \u0637\u0631\u06cc\u0642 \u0633\u0627\u0645\u0627\u0646\u0647 \u0627\u0631\u0633\u0627\u0644 \u062a\u06cc\u06a9\u062a \u062f\u0631 \u067e\u0646\u0644 \u06a9\u0627\u0631\u0628\u0631\u06cc&#8221; font_container=&#8221;tag:p|text_align:right&#8221; use_theme_fonts=&#8221;yes&#8221; css=&#8221;.vc_custom_1594017918672{margin-bottom: 0px !important;}&#8221;][\/vc_column][vc_column css_animation=&#8221;none&#8221; width=&#8221;1\/4&#8243; css=&#8221;.vc_custom_1496929092528{margin-bottom: 20px !important;padding-top: 0px !important;}&#8221; offset=&#8221;vc_col-lg-3 vc_col-md-3&#8243;][vc_custom_heading text=&#8221;T\u00e9l\u00e9phone&#8221; font_container=&#8221;tag:h6|text_align:right&#8221; use_theme_fonts=&#8221;yes&#8221; css=&#8221;.vc_custom_1577365654564{margin-bottom: 10px !important;}&#8221;][vc_separator color=&#8221;custom&#8221; accent_color=&#8221;#eaeaea&#8221; css=&#8221;.vc_custom_1481478904779{margin-bottom: 10px !important;}&#8221;][vc_custom_heading text=&#8221;558-5068 (438) 1+<br \/>\n\u0627\u0632 \u062f\u0648\u0634\u0646\u0628\u0647 \u062a\u0627 \u062c\u0645\u0639\u0647 \u0627\u0632 \u0633\u0627\u0639\u062a 4 \u0627\u0644\u06cc 8 \u0634\u0628&#8221; font_container=&#8221;tag:p|text_align:right&#8221; use_theme_fonts=&#8221;yes&#8221; css=&#8221;.vc_custom_1610266142815{margin-bottom: 0px !important;}&#8221;][\/vc_column][vc_column css_animation=&#8221;none&#8221; width=&#8221;1\/4&#8243; css=&#8221;.vc_custom_1496929103695{margin-bottom: 20px !important;padding-top: 0px !important;}&#8221; offset=&#8221;vc_col-lg-3 vc_col-md-3&#8243;][vc_custom_heading text=&#8221;Courriel&#8221; font_container=&#8221;tag:h6|text_align:right&#8221; use_theme_fonts=&#8221;yes&#8221; css=&#8221;.vc_custom_1577365590660{margin-bottom: 10px !important;}&#8221;][vc_separator color=&#8221;custom&#8221; accent_color=&#8221;#eaeaea&#8221; css=&#8221;.vc_custom_1481478904779{margin-bottom: 10px !important;}&#8221;][vc_custom_heading text=&#8221;info@shop247.ca&#8221; font_container=&#8221;tag:p|text_align:right&#8221; use_theme_fonts=&#8221;yes&#8221; css=&#8221;.vc_custom_1593633037267{margin-bottom: 0px !important;}&#8221;][\/vc_column][vc_column css_animation=&#8221;none&#8221; width=&#8221;1\/4&#8243; css=&#8221;.vc_custom_1496929120737{margin-bottom: 20px !important;padding-top: 0px !important;}&#8221; offset=&#8221;vc_col-lg-3 vc_col-md-3&#8243;][vc_custom_heading text=&#8221;Clavardage&#8221; font_container=&#8221;tag:h6|text_align:right&#8221; use_theme_fonts=&#8221;yes&#8221; css=&#8221;.vc_custom_1593635336259{margin-bottom: 10px !important;}&#8221;][vc_separator color=&#8221;custom&#8221; accent_color=&#8221;#eaeaea&#8221; css=&#8221;.vc_custom_1481478904779{margin-bottom: 10px !important;}&#8221;][vc_custom_heading text=&#8221;Par le bouton bleu en bas \u00e0 droite des pages&#8221; font_container=&#8221;tag:p|text_align:right&#8221; use_theme_fonts=&#8221;yes&#8221; css=&#8221;.vc_custom_1593635369709{margin-bottom: 0px !important;}&#8221;][\/vc_column][\/vc_row][vc_row css=&#8221;.vc_custom_1496930387151{margin-bottom: 4vh !important;}&#8221;][vc_column]\n\t\t<div id=\"wd-5e04b19093003\" class=\"title-wrapper  woodmart-title-color-default woodmart-title-style-default woodmart-title-width-50 text-center woodmart-title-size-large vc_custom_1577365976477\">\n\t\t\t\n\t\t\t<div class=\"liner-continer\">\n\t\t\t\t<span class=\"left-line\"><\/span>\n\t\t\t\t<h4 class=\"woodmart-title-container title  woodmart-font-weight-\" >??<\/h4>\t\t\t\t\t\t\t\t<span class=\"right-line\"><\/span>\n\t\t\t<\/div>\n\t\t\t\n\t\t\t\t\t\t\t<div class=\"title-after_title\">??<\/div>\n\t\t\t\n\t\t\t\t\t<\/div>\n\t\t\n\t\t[vc_column_text el_class=&#8221;text-larger&#8221; css=&#8221;.vc_custom_1594018247068{margin-bottom: 25px !important;}&#8221; text_larger=&#8221;no&#8221;]<\/p>\n<p style=\"text-align: center;\">Envoyez un message via le formulaire ci-dessous<\/p>\n<p style=\"text-align: center;\">Nous r\u00e9pondrons \u00e0 votre question dans moins de 48 heures<\/p>\n<p>[\/vc_column_text]<div id=\"wd-5f02c957e298b\" class=\"woodmart-button-wrapper text-center\"><a href=\"#contact-form-popup\" title=\"\" class=\"btn btn-color-primary btn-style-default btn-shape-rectangle btn-size-large woodmart-open-popup \">\u0641\u0631\u0645 \u062a\u0645\u0627\u0633 \u0628\u0627 \u0645\u0627<\/a><\/div><div id=\"contact-form-popup\" class=\"mfp-with-anim woodmart-content-popup mfp-hide\" style=\"max-width:900px;\"><div class=\"woodmart-popup-inner\">[vc_row_inner equal_height=&#8221;yes&#8221; css=&#8221;.vc_custom_1493299761637{margin-top: -30px !important;margin-right: -30px !important;margin-bottom: -30px !important;margin-left: -30px !important;}&#8221;][vc_column_inner width=&#8221;1\/3&#8243; css=&#8221;.vc_custom_1493299742195{padding-top: 30px !important;padding-right: 30px !important;padding-bottom: 30px !important;padding-left: 30px !important;background-color: #333333 !important;}&#8221;]\n\t\t<div id=\"wd-5e15b59165202\" class=\"title-wrapper  woodmart-title-color-white woodmart-title-style-default woodmart-title-width-100 text-right woodmart-title-size-small \">\n\t\t\t\n\t\t\t<div class=\"liner-continer\">\n\t\t\t\t<span class=\"left-line\"><\/span>\n\t\t\t\t<h4 class=\"woodmart-title-container title  woodmart-font-weight-\" >??<\/h4>\t\t\t\t\t\t\t\t<span class=\"right-line\"><\/span>\n\t\t\t<\/div>\n\t\t\t\n\t\t\t\n\t\t\t\t\t<\/div>\n\t\t\n\t\t\t\t\t<div class=\"info-box-wrapper \">\n\t\t\t\t<div id=\"wd-5ffab5bb5f1df\" class=\" woodmart-info-box text-right box-icon-align-right box-style- color-scheme-light woodmart-bg-none box-title-default \"  >\n\t\t\t\t\t\t\t\t\t\t\t<div class=\"box-icon-wrapper  box-with-icon box-icon-simple\">\n\t\t\t\t\t\t\t<div class=\"info-box-icon\">\n\n\t\t\t\t\t\t\t\n\t\t\t\t\t\t\t\t\t\t\t\t\t\t\t\t\t<div class=\"info-svg-wrapper info-icon\" style=\"width: 30px;height: 30px;\"><\/div>\t\t\t\t\t\t\t\t\t\t\t\t\t\t\t\t\n\t\t\t\t\t\t\t\n\t\t\t\t\t\t\t<\/div>\n\t\t\t\t\t\t<\/div>\n\t\t\t\t\t\t\t\t\t\t<div class=\"info-box-content\">\n\t\t\t\t\t\t\t\t\t\t\t\t<div class=\"info-box-inner reset-mb-10\">\n\t\t\t\t\t\t\t<p>H3R 2M1<\/p>\n<p style=\"text-align: left;\">7085 cote-des-neiges, montreal,Qc.<\/p>\n<p>\n\t\t\t\t\t\t<\/div>\n\n\t\t\t\t\t\t\t\t\t\t\t\t\n\t\t\t\t\t<\/div>\n\n\t\t\t\t\t\t\t\t\t<\/div>\n\t\t\t<\/div>\n\t\t\t\t\t<div class=\"info-box-wrapper \">\n\t\t\t\t<div id=\"wd-5ffab6100a849\" class=\" woodmart-info-box text-right box-icon-align-right box-style- color-scheme-light woodmart-bg-none box-title-default \"  >\n\t\t\t\t\t\t\t\t\t\t\t<div class=\"box-icon-wrapper  box-with-icon box-icon-simple\">\n\t\t\t\t\t\t\t<div class=\"info-box-icon\">\n\n\t\t\t\t\t\t\t\n\t\t\t\t\t\t\t\t\t\t\t\t\t\t\t\t\t<div class=\"info-svg-wrapper info-icon\" style=\"width: 30px;height: 30px;\"><\/div>\t\t\t\t\t\t\t\t\t\t\t\t\t\t\t\t\n\t\t\t\t\t\t\t\n\t\t\t\t\t\t\t<\/div>\n\t\t\t\t\t\t<\/div>\n\t\t\t\t\t\t\t\t\t\t<div class=\"info-box-content\">\n\t\t\t\t\t\t\t\t\t\t\t\t<div class=\"info-box-inner reset-mb-10\">\n\t\t\t\t\t\t\t<p>558-5068 (438) 1+<br \/>\n\u0627\u0632 \u062f\u0648\u0634\u0646\u0628\u0647 \u062a\u0627 \u062c\u0645\u0639\u0647 \u0627\u0632 \u0633\u0627\u0639\u062a 4 \u0627\u0644\u06cc 8 \u0634\u0628<\/p>\n\t\t\t\t\t\t<\/div>\n\n\t\t\t\t\t\t\t\t\t\t\t\t\n\t\t\t\t\t<\/div>\n\n\t\t\t\t\t\t\t\t\t<\/div>\n\t\t\t<\/div>\n\t\t\t\t\t<div class=\"info-box-wrapper \">\n\t\t\t\t<div id=\"wd-5efcea9290499\" class=\" woodmart-info-box text-right box-icon-align-right box-style- color-scheme-light woodmart-bg-none box-title-default \"  >\n\t\t\t\t\t\t\t\t\t\t\t<div class=\"box-icon-wrapper  box-with-icon box-icon-simple\">\n\t\t\t\t\t\t\t<div class=\"info-box-icon\">\n\n\t\t\t\t\t\t\t\n\t\t\t\t\t\t\t\t\t\t\t\t\t\t\t\t\t<div class=\"info-svg-wrapper info-icon\" style=\"width: 30px;height: 30px;\"><\/div>\t\t\t\t\t\t\t\t\t\t\t\t\t\t\t\t\n\t\t\t\t\t\t\t\n\t\t\t\t\t\t\t<\/div>\n\t\t\t\t\t\t<\/div>\n\t\t\t\t\t\t\t\t\t\t<div class=\"info-box-content\">\n\t\t\t\t\t\t\t\t\t\t\t\t<div class=\"info-box-inner reset-mb-10\">\n\t\t\t\t\t\t\t<p>info@shop247.ca<\/p>\n\t\t\t\t\t\t<\/div>\n\n\t\t\t\t\t\t\t\t\t\t\t\t\n\t\t\t\t\t<\/div>\n\n\t\t\t\t\t\t\t\t\t<\/div>\n\t\t\t<\/div>\n\t\t[vc_separator color=&#8221;custom&#8221; accent_color=&#8221;rgba(255,255,255,0.15)&#8221; css=&#8221;.vc_custom_1484144347493{margin-bottom: 30px !important;}&#8221;][vc_column_text woodmart_color_scheme=&#8221;light&#8221; css=&#8221;.vc_custom_1593633555222{margin-bottom: 20px !important;}&#8221; text_larger=&#8221;no&#8221;]\u0641\u0631\u0648\u0634\u06af\u0627\u0647 \u0627\u06cc\u0646\u062a\u0631\u0646\u062a\u06cc shop247.ca[\/vc_column_text]\n\t\t\t<div class=\"woodmart-social-icons text-right icons-design-colored icons-size-small color-scheme-dark social-share social-form-circle\">\n\t\t\t\t\t\t\t\t\t<a rel=\"nofollow\" href=\"https:\/\/www.facebook.com\/sharer\/sharer.php?u=https:\/\/shop724.ca\/fr\/contactez-nous\/\" target=\"_blank\" class=\" woodmart-social-icon social-facebook\">\n\t\t\t\t\t\t<i class=\"fa fa-facebook\"><\/i>\n\t\t\t\t\t\t<span class=\"woodmart-social-icon-name\">Facebook<\/span>\n\t\t\t\t\t<\/a>\n\t\t\t\t\n\t\t\t\t\t\t\t\t\t<a rel=\"nofollow\" href=\"https:\/\/twitter.com\/share?url=https:\/\/shop724.ca\/fr\/contactez-nous\/\" target=\"_blank\" class=\" woodmart-social-icon social-twitter\">\n\t\t\t\t\t\t<i class=\"fa fa-twitter\"><\/i>\n\t\t\t\t\t\t<span class=\"woodmart-social-icon-name\">Twitter<\/span>\n\t\t\t\t\t<\/a>\n\t\t\t\t\n\t\t\t\t\n\t\t\t\t\n\t\t\t\t\n\t\t\t\t\t\t\t\t\t<a rel=\"nofollow\" href=\"https:\/\/pinterest.com\/pin\/create\/button\/?url=https:\/\/shop724.ca\/fr\/contactez-nous\/&media=https:\/\/shop724.ca\/wp-includes\/images\/media\/default.svg&description=Contactez-nous\" target=\"_blank\" class=\" woodmart-social-icon social-pinterest\">\n\t\t\t\t\t\t<i class=\"fa fa-pinterest\"><\/i>\n\t\t\t\t\t\t<span class=\"woodmart-social-icon-name\">Pinterest<\/span>\n\t\t\t\t\t<\/a>\n\t\t\t\t\n\t\t\t\t\n\t\t\t\t\t\t\t\t\t<a rel=\"nofollow\" href=\"https:\/\/www.linkedin.com\/shareArticle?mini=true&url=https:\/\/shop724.ca\/fr\/contactez-nous\/\" target=\"_blank\" class=\" woodmart-social-icon social-linkedin\">\n\t\t\t\t\t\t<i class=\"fa fa-linkedin\"><\/i>\n\t\t\t\t\t\t<span class=\"woodmart-social-icon-name\">linkedin<\/span>\n\t\t\t\t\t<\/a>\n\t\t\t\t\n\t\t\t\t\n\t\t\t\t\n\t\t\t\t\n\t\t\t\t\n\t\t\t\t\n\t\t\t\t\n\t\t\t\t\n\t\t\t\t\n\t\t\t\t\n\t\t\t\t\t\t\t\t\n\t\t\t\t\n\t\t\t\t\t\t\t\t\t<a rel=\"nofollow\" href=\"https:\/\/telegram.me\/share\/url?url=https:\/\/shop724.ca\/fr\/contactez-nous\/\" target=\"_blank\" class=\" woodmart-social-icon social-tg\">\n\t\t\t\t\t\t<i class=\"fa fa-telegram\"><\/i>\n\t\t\t\t\t\t<span class=\"woodmart-social-icon-name\">Telegram<\/span>\n\t\t\t\t\t<\/a>\n\t\t\t\t\n\t\t\t<\/div>\n\n\t\t[\/vc_column_inner][vc_column_inner width=&#8221;2\/3&#8243; css=&#8221;.vc_custom_1493299937177{padding-top: 30px !important;padding-right: 30px !important;padding-bottom: 15px !important;padding-left: 30px !important;}&#8221;]\n\t\t<div id=\"wd-5f02c8f5d548e\" class=\"title-wrapper  woodmart-title-color-default woodmart-title-style-default woodmart-title-width-100 text-right woodmart-title-size-small \">\n\t\t\t\n\t\t\t<div class=\"liner-continer\">\n\t\t\t\t<span class=\"left-line\"><\/span>\n\t\t\t\t<h4 class=\"woodmart-title-container title  woodmart-font-weight-\" >Formulaire Contactez-nous<\/h4>\t\t\t\t\t\t\t\t<span class=\"right-line\"><\/span>\n\t\t\t<\/div>\n\t\t\t\n\t\t\t\n\t\t\t\t\t<\/div>\n\t\t\n\t\t\n<div class=\"wpcf7 no-js\" id=\"wpcf7-f608-o1\" lang=\"fa-IR\" dir=\"rtl\" data-wpcf7-id=\"608\">\n<div class=\"screen-reader-response\"><p role=\"status\" aria-live=\"polite\" aria-atomic=\"true\"><\/p> <ul><\/ul><\/div>\n<form action=\"\/fr\/wp-json\/wp\/v2\/pages\/24772#wpcf7-f608-o1\" method=\"post\" class=\"wpcf7-form init\" aria-label=\"\u0641\u0631\u0645 \u062a\u0645\u0627\u0633\" novalidate=\"novalidate\" data-status=\"init\">\n<fieldset class=\"hidden-fields-container\"><input type=\"hidden\" name=\"_wpcf7\" value=\"608\" \/><input type=\"hidden\" name=\"_wpcf7_version\" value=\"6.1.4\" \/><input type=\"hidden\" name=\"_wpcf7_locale\" value=\"fa_IR\" \/><input type=\"hidden\" name=\"_wpcf7_unit_tag\" value=\"wpcf7-f608-o1\" \/><input type=\"hidden\" name=\"_wpcf7_container_post\" value=\"0\" \/><input type=\"hidden\" name=\"_wpcf7_posted_data_hash\" value=\"\" \/>\n<\/fieldset>\n<div class=\"row\">\n\t<div class=\"col-md-6\" style='text-align:left;margin-bottom:20px;'>\n\t\t<p><label>your name <\/label><span class=\"wpcf7-form-control-wrap\" data-name=\"your-name\"><input size=\"40\" maxlength=\"400\" class=\"wpcf7-form-control wpcf7-text wpcf7-validates-as-required\" aria-required=\"true\" aria-invalid=\"false\" value=\"\" type=\"text\" name=\"your-name\" \/><\/span>\n\t\t<\/p>\n\t<\/div>\n\t<div class=\"col-md-6\" style='text-align:left;margin-bottom:20px;'>\n\t\t<p><label>your email <\/label><span class=\"wpcf7-form-control-wrap\" data-name=\"your-email\"><input size=\"40\" maxlength=\"400\" class=\"wpcf7-form-control wpcf7-email wpcf7-validates-as-required wpcf7-text wpcf7-validates-as-email\" aria-required=\"true\" aria-invalid=\"false\" value=\"\" type=\"email\" name=\"your-email\" \/><\/span>\n\t\t<\/p>\n\t<\/div>\n<\/div>\n<div class=\"row\">\n\t<div class=\"col-md-6\" style='text-align:left;margin-bottom:20px;'>\n\t\t<p><label>Phone Call<\/label><span class=\"wpcf7-form-control-wrap\" data-name=\"tel-605\"><input size=\"40\" maxlength=\"400\" class=\"wpcf7-form-control wpcf7-tel wpcf7-validates-as-required wpcf7-text wpcf7-validates-as-tel\" aria-required=\"true\" aria-invalid=\"false\" value=\"\" type=\"tel\" name=\"tel-605\" \/><\/span>\n\t\t<\/p>\n\t<\/div>\n\t<div class=\"col-md-6\" style='text-align:left;margin-bottom:20px;'>\n\t\t<p><label>Company<\/label><span class=\"wpcf7-form-control-wrap\" data-name=\"text-1\"><input size=\"40\" maxlength=\"400\" class=\"wpcf7-form-control wpcf7-text\" aria-invalid=\"false\" value=\"\" type=\"text\" name=\"text-1\" \/><\/span>\n\t\t<\/p>\n\t<\/div>\n<\/div>\n<p><label>Your message<\/label><span class=\"wpcf7-form-control-wrap\" data-name=\"your-message\"><textarea cols=\"40\" rows=\"10\" maxlength=\"2000\" class=\"wpcf7-form-control wpcf7-textarea\" aria-invalid=\"false\" name=\"your-message\"><\/textarea><\/span>\n<\/p>\n<p><input class=\"wpcf7-form-control wpcf7-submit has-spinner btn-color-black\" type=\"submit\" value=\"Send Message\" \/>\n<\/p><input\n                    class=\"apbct_special_field apbct_email_id__wp_contact_form_7\"\n                    name=\"apbct__email_id__wp_contact_form_7\"\n                    aria-label=\"apbct__label_id__wp_contact_form_7\"\n                    type=\"text\" size=\"30\" maxlength=\"200\" autocomplete=\"off\"\n                    value=\"\"\n                \/><div class=\"wpcf7-response-output\" aria-hidden=\"true\"><\/div>\n<\/form>\n<\/div>\n[\/vc_column_inner][\/vc_row_inner]<\/div><\/div>[vc_empty_space height=&#8221;20&#8243;][\/vc_column][\/vc_row][vc_row css=&#8221;.vc_custom_1496928548785{margin-top: 4vh !important;margin-bottom: 8vh !important;}&#8221;][vc_column offset=&#8221;vc_col-lg-offset-3 vc_col-lg-6 vc_col-md-offset-3 vc_col-md-6&#8243;][vc_custom_heading text=&#8221;\u0622\u062f\u0631\u0633 \u0645\u0627&#8221; font_container=&#8221;tag:h6|font_size:48|text_align:center&#8221; use_theme_fonts=&#8221;yes&#8221; css=&#8221;.vc_custom_1594017960887{margin-bottom: 10px !important;}&#8221;][vc_column_text el_class=&#8221;text-larger&#8221; css=&#8221;.vc_custom_1697744699183{margin-bottom: 0px !important;padding-right: 9% !important;padding-left: 9% !important;}&#8221; text_larger=&#8221;no&#8221;][\/vc_column_text][\/vc_column][\/vc_row]<\/p>\n","protected":false},"excerpt":{"rendered":"<p>[vc_row css=&#8221;.vc_custom_1496928548785{margin-top: 4vh !important;margin-bottom: 8vh !important;}&#8221;][vc_column offset=&#8221;vc_col-lg-offset-3 vc_col-lg-6 vc_col-md-offset-3 vc_col-md-6&#8243;][vc_custom_heading text=&#8221;Nous joindre&#8221; font_container=&#8221;tag:h5|font_size:48|text_align:center&#8221; use_theme_fonts=&#8221;yes&#8221; css=&#8221;.vc_custom_1577365389713{margin-bottom: 10px !important;}&#8221;][vc_column_text el_class=&#8221;text-larger&#8221; css=&#8221;.vc_custom_1593632796541{margin-bottom: 0px<\/p>\n","protected":false},"author":10,"featured_media":0,"parent":0,"menu_order":0,"comment_status":"closed","ping_status":"closed","template":"","meta":{"footnotes":"","_links_to":"","_links_to_target":""},"class_list":["post-24772","page","type-page","status-publish","hentry"],"yoast_head":"<!-- This site is optimized with the Yoast SEO plugin v26.6 - https:\/\/yoast.com\/wordpress\/plugins\/seo\/ -->\n<title>Contactez-nous - shop724<\/title>\n<meta name=\"robots\" content=\"index, follow, max-snippet:-1, max-image-preview:large, max-video-preview:-1\" \/>\n<link rel=\"canonical\" href=\"https:\/\/shop724.ca\/contact-us-2\/\" \/>\n<meta property=\"og:locale\" content=\"fr_FR\" \/>\n<meta property=\"og:type\" content=\"article\" \/>\n<meta property=\"og:title\" content=\"Contactez-nous - shop724\" \/>\n<meta property=\"og:description\" content=\"[vc_row css=&#8221;.vc_custom_1496928548785{margin-top: 4vh !important;margin-bottom: 8vh !important;}&#8221;][vc_column offset=&#8221;vc_col-lg-offset-3 vc_col-lg-6 vc_col-md-offset-3 vc_col-md-6&#8243;][vc_custom_heading text=&#8221;Nous joindre&#8221; font_container=&#8221;tag:h5|font_size:48|text_align:center&#8221; use_theme_fonts=&#8221;yes&#8221; css=&#8221;.vc_custom_1577365389713{margin-bottom: 10px !important;}&#8221;][vc_column_text el_class=&#8221;text-larger&#8221; css=&#8221;.vc_custom_1593632796541{margin-bottom: 0px\" \/>\n<meta property=\"og:url\" content=\"https:\/\/shop724.ca\/contact-us-2\/\" \/>\n<meta property=\"og:site_name\" content=\"shop724\" \/>\n<meta property=\"article:modified_time\" content=\"2024-10-13T08:17:47+00:00\" \/>\n<meta name=\"twitter:card\" content=\"summary_large_image\" \/>\n<meta name=\"twitter:label1\" content=\"Dur\u00e9e de lecture estim\u00e9e\" \/>\n\t<meta name=\"twitter:data1\" content=\"4 minutes\" \/>\n<script type=\"application\/ld+json\" class=\"yoast-schema-graph\">{\"@context\":\"https:\/\/schema.org\",\"@graph\":[{\"@type\":\"WebPage\",\"@id\":\"https:\/\/shop724.ca\/contact-us-2\/\",\"url\":\"https:\/\/shop724.ca\/contact-us-2\/\",\"name\":\"Contactez-nous - shop724\",\"isPartOf\":{\"@id\":\"https:\/\/shop724.ca\/#website\"},\"datePublished\":\"2017-06-26T18:50:33+00:00\",\"dateModified\":\"2024-10-13T08:17:47+00:00\",\"breadcrumb\":{\"@id\":\"https:\/\/shop724.ca\/contact-us-2\/#breadcrumb\"},\"inLanguage\":\"fr-FR\",\"potentialAction\":[{\"@type\":\"ReadAction\",\"target\":[\"https:\/\/shop724.ca\/contact-us-2\/\"]}]},{\"@type\":\"BreadcrumbList\",\"@id\":\"https:\/\/shop724.ca\/contact-us-2\/#breadcrumb\",\"itemListElement\":[{\"@type\":\"ListItem\",\"position\":1,\"name\":\"Home\",\"item\":\"https:\/\/shop724.ca\/\"},{\"@type\":\"ListItem\",\"position\":2,\"name\":\"Contactez-nous\"}]},{\"@type\":\"WebSite\",\"@id\":\"https:\/\/shop724.ca\/#website\",\"url\":\"https:\/\/shop724.ca\/\",\"name\":\"shop724\",\"description\":\"\",\"publisher\":{\"@id\":\"https:\/\/shop724.ca\/#organization\"},\"potentialAction\":[{\"@type\":\"SearchAction\",\"target\":{\"@type\":\"EntryPoint\",\"urlTemplate\":\"https:\/\/shop724.ca\/?s={search_term_string}\"},\"query-input\":{\"@type\":\"PropertyValueSpecification\",\"valueRequired\":true,\"valueName\":\"search_term_string\"}}],\"inLanguage\":\"fr-FR\"},{\"@type\":\"Organization\",\"@id\":\"https:\/\/shop724.ca\/#organization\",\"name\":\"Shop724\",\"url\":\"https:\/\/shop724.ca\/\",\"logo\":{\"@type\":\"ImageObject\",\"inLanguage\":\"fr-FR\",\"@id\":\"https:\/\/shop724.ca\/#\/schema\/logo\/image\/\",\"url\":\"https:\/\/shop724.ca\/wp-content\/uploads\/2020\/06\/cropped-shop-724-black@4x-copy.png\",\"contentUrl\":\"https:\/\/shop724.ca\/wp-content\/uploads\/2020\/06\/cropped-shop-724-black@4x-copy.png\",\"width\":512,\"height\":512,\"caption\":\"Shop724\"},\"image\":{\"@id\":\"https:\/\/shop724.ca\/#\/schema\/logo\/image\/\"}}]}<\/script>\n<!-- \/ Yoast SEO plugin. -->","yoast_head_json":{"title":"Contactez-nous - shop724","robots":{"index":"index","follow":"follow","max-snippet":"max-snippet:-1","max-image-preview":"max-image-preview:large","max-video-preview":"max-video-preview:-1"},"canonical":"https:\/\/shop724.ca\/contact-us-2\/","og_locale":"fr_FR","og_type":"article","og_title":"Contactez-nous - shop724","og_description":"[vc_row css=&#8221;.vc_custom_1496928548785{margin-top: 4vh !important;margin-bottom: 8vh !important;}&#8221;][vc_column offset=&#8221;vc_col-lg-offset-3 vc_col-lg-6 vc_col-md-offset-3 vc_col-md-6&#8243;][vc_custom_heading text=&#8221;Nous joindre&#8221; font_container=&#8221;tag:h5|font_size:48|text_align:center&#8221; use_theme_fonts=&#8221;yes&#8221; css=&#8221;.vc_custom_1577365389713{margin-bottom: 10px !important;}&#8221;][vc_column_text el_class=&#8221;text-larger&#8221; css=&#8221;.vc_custom_1593632796541{margin-bottom: 0px","og_url":"https:\/\/shop724.ca\/contact-us-2\/","og_site_name":"shop724","article_modified_time":"2024-10-13T08:17:47+00:00","twitter_card":"summary_large_image","twitter_misc":{"Dur\u00e9e de lecture estim\u00e9e":"4 minutes"},"schema":{"@context":"https:\/\/schema.org","@graph":[{"@type":"WebPage","@id":"https:\/\/shop724.ca\/contact-us-2\/","url":"https:\/\/shop724.ca\/contact-us-2\/","name":"Contactez-nous - shop724","isPartOf":{"@id":"https:\/\/shop724.ca\/#website"},"datePublished":"2017-06-26T18:50:33+00:00","dateModified":"2024-10-13T08:17:47+00:00","breadcrumb":{"@id":"https:\/\/shop724.ca\/contact-us-2\/#breadcrumb"},"inLanguage":"fr-FR","potentialAction":[{"@type":"ReadAction","target":["https:\/\/shop724.ca\/contact-us-2\/"]}]},{"@type":"BreadcrumbList","@id":"https:\/\/shop724.ca\/contact-us-2\/#breadcrumb","itemListElement":[{"@type":"ListItem","position":1,"name":"Home","item":"https:\/\/shop724.ca\/"},{"@type":"ListItem","position":2,"name":"Contactez-nous"}]},{"@type":"WebSite","@id":"https:\/\/shop724.ca\/#website","url":"https:\/\/shop724.ca\/","name":"shop724","description":"","publisher":{"@id":"https:\/\/shop724.ca\/#organization"},"potentialAction":[{"@type":"SearchAction","target":{"@type":"EntryPoint","urlTemplate":"https:\/\/shop724.ca\/?s={search_term_string}"},"query-input":{"@type":"PropertyValueSpecification","valueRequired":true,"valueName":"search_term_string"}}],"inLanguage":"fr-FR"},{"@type":"Organization","@id":"https:\/\/shop724.ca\/#organization","name":"Shop724","url":"https:\/\/shop724.ca\/","logo":{"@type":"ImageObject","inLanguage":"fr-FR","@id":"https:\/\/shop724.ca\/#\/schema\/logo\/image\/","url":"https:\/\/shop724.ca\/wp-content\/uploads\/2020\/06\/cropped-shop-724-black@4x-copy.png","contentUrl":"https:\/\/shop724.ca\/wp-content\/uploads\/2020\/06\/cropped-shop-724-black@4x-copy.png","width":512,"height":512,"caption":"Shop724"},"image":{"@id":"https:\/\/shop724.ca\/#\/schema\/logo\/image\/"}}]}},"_links":{"self":[{"href":"https:\/\/shop724.ca\/fr\/wp-json\/wp\/v2\/pages\/24772","targetHints":{"allow":["GET"]}}],"collection":[{"href":"https:\/\/shop724.ca\/fr\/wp-json\/wp\/v2\/pages"}],"about":[{"href":"https:\/\/shop724.ca\/fr\/wp-json\/wp\/v2\/types\/page"}],"author":[{"embeddable":true,"href":"https:\/\/shop724.ca\/fr\/wp-json\/wp\/v2\/users\/10"}],"replies":[{"embeddable":true,"href":"https:\/\/shop724.ca\/fr\/wp-json\/wp\/v2\/comments?post=24772"}],"version-history":[{"count":9,"href":"https:\/\/shop724.ca\/fr\/wp-json\/wp\/v2\/pages\/24772\/revisions"}],"predecessor-version":[{"id":25276,"href":"https:\/\/shop724.ca\/fr\/wp-json\/wp\/v2\/pages\/24772\/revisions\/25276"}],"wp:attachment":[{"href":"https:\/\/shop724.ca\/fr\/wp-json\/wp\/v2\/media?parent=24772"}],"curies":[{"name":"wp","href":"https:\/\/api.w.org\/{rel}","templated":true}]}}